{"id":1077,"date":"2025-03-06T08:35:13","date_gmt":"2025-03-06T07:35:13","guid":{"rendered":"https:\/\/dmygj.beeweb-lime.io\/?page_id=1077"},"modified":"2025-12-05T11:32:31","modified_gmt":"2025-12-05T10:32:31","slug":"talta-och-overnatta","status":"publish","type":"page","link":"https:\/\/skrylle.se\/en\/talta-och-overnatta\/","title":{"rendered":"Camp and stay overnight"},"content":{"rendered":"<div class=\"wpb-content-wrapper\"><div class=\"vc_row wpb_row vc_row-fluid wpex-relative\"><div class=\"wpb_column vc_column_container vc_col-sm-12\"><div class=\"vc_column-inner\"><div class=\"wpb_wrapper\"><h1 class=\"vcex-heading vcex-heading-plain vcex-module wpex-h1 vc_custom_1741080973829\"><span class=\"vcex-heading-inner wpex-inline-block\">Camp and stay overnight<\/span><\/h1>\n\t<div class=\"wpb_text_column wpb_content_element\" >\n\t\t<div class=\"wpb_wrapper\">\n\t\t\t<p><strong>Fall asleep and wake up to all the sounds of the forest. Few things are as relaxing as spending a night outdoors in a tent, windbreak or why not under the open sky. In Skrylle there are many places where you can spend the night.<\/strong><\/p>\n<p>It is permitted to camp for one night within Skrylle Nature Reserve, but <u>not<\/u> in the adjacent reserves. See reserve boundaries at <a href=\"https:\/\/skrylle.se\/wp-content\/uploads\/2025\/12\/Skylle_oversiktskarta.pdf\" target=\"_blank\" rel=\"noopener\">overview map<\/a>. We recommend that you pitch your tent at Skrylleg\u00e5rden&#039;s wind shelter, where there are barbecue areas. Nearby, at Skrylleg\u00e5rden, there are also toilets and water.<\/p>\n<p><strong>Consider the following:<\/strong><\/p>\n<ul>\n<li>It is only permitted to make fires in designated barbecue areas.<\/li>\n<li>Avoid camping in pastures.<\/li>\n<li>The wind shelters at Skrylleg\u00e5rden must be booked in advance via: <a href=\"https:\/\/boka.skrylle.se\" target=\"_blank\" rel=\"noopener\">book.skrylle.se<\/a><\/li>\n<\/ul>\n<p><strong>Wind shelter and tent sites:<\/strong><\/p>\n<ul>\n<li>Wind shelters are available at barbecue areas 3\u20136 and barbecue area 12.<\/li>\n<li>There is an extra large wind shelter at the Belsebo barbecue area.<\/li>\n<li>For larger groups, it is recommended to book shelter 4 at Elin&#039;s meadow where there is plenty of space for tents.<\/li>\n<\/ul>\n<p><a href=\"https:\/\/skrylle.se\/en\/grillplatser-och-vindskydd\/\">Read more about barbecue areas and wind shelters<\/a>.<\/p>\n\n\t\t<\/div>\n\t<\/div>\n<\/div><\/div><\/div><\/div>\n<\/div>","protected":false},"excerpt":{"rendered":"T\u00e4lta och \u00f6vernatta Somna och vakna till skogens alla ljud. F\u00e5 saker \u00e4r s\u00e5 avkopplande som att ta en natt utomhus i t\u00e4lt, vindskydd eller varf\u00f6r inte under bar himmel. I Skrylle finns det m\u00e5nga platser d\u00e4r du kan \u00f6vernatta. Det \u00e4r till\u00e5tet att t\u00e4lta en natt inom Skrylle naturreservat, men inte i de angr\u00e4nsande&hellip;","protected":false},"author":3,"featured_media":1078,"parent":0,"menu_order":11,"comment_status":"closed","ping_status":"closed","template":"","meta":{"footnotes":""},"class_list":["post-1077","page","type-page","status-publish","has-post-thumbnail","hentry","entry","has-media"],"_links":{"self":[{"href":"https:\/\/skrylle.se\/en\/wp-json\/wp\/v2\/pages\/1077","targetHints":{"allow":["GET"]}}],"collection":[{"href":"https:\/\/skrylle.se\/en\/wp-json\/wp\/v2\/pages"}],"about":[{"href":"https:\/\/skrylle.se\/en\/wp-json\/wp\/v2\/types\/page"}],"author":[{"embeddable":true,"href":"https:\/\/skrylle.se\/en\/wp-json\/wp\/v2\/users\/3"}],"replies":[{"embeddable":true,"href":"https:\/\/skrylle.se\/en\/wp-json\/wp\/v2\/comments?post=1077"}],"version-history":[{"count":3,"href":"https:\/\/skrylle.se\/en\/wp-json\/wp\/v2\/pages\/1077\/revisions"}],"predecessor-version":[{"id":1390,"href":"https:\/\/skrylle.se\/en\/wp-json\/wp\/v2\/pages\/1077\/revisions\/1390"}],"wp:featuredmedia":[{"embeddable":true,"href":"https:\/\/skrylle.se\/en\/wp-json\/wp\/v2\/media\/1078"}],"wp:attachment":[{"href":"https:\/\/skrylle.se\/en\/wp-json\/wp\/v2\/media?parent=1077"}],"curies":[{"name":"wp","href":"https:\/\/api.w.org\/{rel}","templated":true}]}}