{"id":1080,"date":"2025-03-06T08:45:28","date_gmt":"2025-03-06T07:45:28","guid":{"rendered":"https:\/\/dmygj.beeweb-lime.io\/?page_id=1080"},"modified":"2026-02-09T11:56:39","modified_gmt":"2026-02-09T10:56:39","slug":"viltgomslet-gyltan","status":"publish","type":"page","link":"https:\/\/skrylle.se\/en\/viltgomslet-gyltan\/","title":{"rendered":"Gyltan Game Hideout"},"content":{"rendered":"<div class=\"wpb-content-wrapper\"><div class=\"vc_row wpb_row vc_row-fluid wpex-relative\"><div class=\"wpb_column vc_column_container vc_col-sm-12\"><div class=\"vc_column-inner\"><div class=\"wpb_wrapper\"><h1 class=\"vcex-heading vcex-heading-plain vcex-module wpex-h1 vc_custom_1741080973829\"><span class=\"vcex-heading-inner wpex-inline-block\">Gyltan Game Hideout<\/span><\/h1>\n\t<div class=\"wpb_text_column wpb_content_element vc_custom_1770125156482\" >\n\t\t<div class=\"wpb_wrapper\">\n\t\t\t<p><strong>The Gyltan wildlife hideout is part of the Skrylle nature center. Here you can mainly spot wild boars that are attracted to the place by feeding, but if you are lucky you will see deer, fallow deer, foxes, badgers and forest birds.<\/strong><\/p>\n<p>The barn has room for 8 people to sit comfortably and watch. The house has a toilet (to be used in an emergency as the noise can scare the animals) and underfloor heating.<\/p>\n<p>There is no guarantee that you will see animals and it is important to move carefully inside Gyltan, speak softly and not go out once you have entered. Since the wild boars are fed on site and are used to the proximity of people, there is a good chance that you will experience them alone, but keep as still and quiet as possible. We are careful that curious visitors do not go down to the back of the building so that the animals are not frightened. It is not allowed to use Gyltan during the day or to feed the animals. Anyone who has booked has access to the hide from 4 pm to 9 am the next day.\u00a0 <a href=\"https:\/\/skrylle.se\/wp-content\/uploads\/2026\/02\/Gyltan_infoblad_vit.pdf\">Information sheet <\/a>can be picked up at reception or at the naturum.<\/p>\n\n\t\t<\/div>\n\t<\/div>\n<div class=\"vcex-video wpex-bg-black\" data-vcex-video-type=\"youtube\"><div class=\"vcex-video-inner wpex-relative\"><iframe class=\"wpex-block wpex-w-100 wpex-h-100 wpex-aspect-16-9\" src=\"https:\/\/www.youtube.com\/embed\/t7z92yiYM0Y\" title=\"\" loading=\"lazy\" frameborder=\"0\" allow=\"accelerometer; autoplay; clipboard-write; encrypted-media; gyroscope; picture-in-picture; web-share\" allowfullscreen><\/iframe><\/div><\/div>\n\t<div class=\"wpb_text_column wpb_content_element\" >\n\t\t<div class=\"wpb_wrapper\">\n\t\t\t<h2>Reservation<\/h2>\n<p>Bookings are made through Skrylleg\u00e5rden&#039;s reception, tel: 046-585 25.<\/p>\n<p>The roe deer can be booked in the evening for a fee of 200 SEK. When you are going to sit in the hide, you should come in the evening, preferably an hour before dusk. You can go home later in the evening or sit and watch all night if you want. The animals are most active during dusk and dawn.<\/p>\n<p>Would you like to sit in Gyltan with someone who can tell you about the animals? Contact Anders Olsson <a href=\"tel:0768-45 95 39\">0768-45 95 39<\/a> or H\u00e5kan Sonesson <a href=\"tel:0709-82 93 38\">0709-82 93 38<\/a>.<\/p>\n<h2>Directions<\/h2>\n<p>From Skrylleg\u00e5rden it is about 1.5 kilometers to Gyltan.<\/p>\n<p>Naturum Skrylle&#039;s wildlife hideout Gyltan has been built through a nature conservation project (LONA) so that more people will have the opportunity to experience the wild Skrylle.<\/p>\n\n\t\t<\/div>\n\t<\/div>\n<figure class=\"vcex-image vcex-module\"><div class=\"vcex-image-inner wpex-relative wpex-inline-block vc_custom_1770634565675\"><img width=\"1920\" height=\"1280\" src=\"https:\/\/skrylle.se\/wp-content\/uploads\/2025\/03\/Viltgomslet-Gyltan-1.webp\" class=\"vcex-image-img wpex-align-middle\" alt=\"\" loading=\"lazy\" decoding=\"async\" srcset=\"https:\/\/skrylle.se\/wp-content\/uploads\/2025\/03\/Viltgomslet-Gyltan-1.webp 1920w, https:\/\/skrylle.se\/wp-content\/uploads\/2025\/03\/Viltgomslet-Gyltan-1-300x200.webp 300w, https:\/\/skrylle.se\/wp-content\/uploads\/2025\/03\/Viltgomslet-Gyltan-1-1024x683.webp 1024w, https:\/\/skrylle.se\/wp-content\/uploads\/2025\/03\/Viltgomslet-Gyltan-1-768x512.webp 768w, https:\/\/skrylle.se\/wp-content\/uploads\/2025\/03\/Viltgomslet-Gyltan-1-1536x1024.webp 1536w, https:\/\/skrylle.se\/wp-content\/uploads\/2025\/03\/Viltgomslet-Gyltan-1-18x12.webp 18w\" sizes=\"auto, (max-width: 1920px) 100vw, 1920px\" \/><\/div><\/figure><\/div><\/div><\/div><\/div>\n<\/div>","protected":false},"excerpt":{"rendered":"Viltg\u00f6mslet Gyltan Viltg\u00f6mslet Gyltan \u00e4r en del av naturum Skrylle. H\u00e4r kan du spana p\u00e5 framf\u00f6rallt vildsvin som lockas till platsen genom utfodring men om du har tur f\u00e5r du se r\u00e5djur, dovhjort, r\u00e4v, gr\u00e4vling och skogens f\u00e5glar. Gyltan har plats f\u00f6r 8 personer som kan sitta bekv\u00e4mt och spana. Huset har toalett (som ska&hellip;","protected":false},"author":3,"featured_media":1084,"parent":0,"menu_order":10,"comment_status":"closed","ping_status":"closed","template":"","meta":{"footnotes":""},"class_list":["post-1080","page","type-page","status-publish","has-post-thumbnail","hentry","entry","has-media"],"_links":{"self":[{"href":"https:\/\/skrylle.se\/en\/wp-json\/wp\/v2\/pages\/1080","targetHints":{"allow":["GET"]}}],"collection":[{"href":"https:\/\/skrylle.se\/en\/wp-json\/wp\/v2\/pages"}],"about":[{"href":"https:\/\/skrylle.se\/en\/wp-json\/wp\/v2\/types\/page"}],"author":[{"embeddable":true,"href":"https:\/\/skrylle.se\/en\/wp-json\/wp\/v2\/users\/3"}],"replies":[{"embeddable":true,"href":"https:\/\/skrylle.se\/en\/wp-json\/wp\/v2\/comments?post=1080"}],"version-history":[{"count":8,"href":"https:\/\/skrylle.se\/en\/wp-json\/wp\/v2\/pages\/1080\/revisions"}],"predecessor-version":[{"id":1616,"href":"https:\/\/skrylle.se\/en\/wp-json\/wp\/v2\/pages\/1080\/revisions\/1616"}],"wp:featuredmedia":[{"embeddable":true,"href":"https:\/\/skrylle.se\/en\/wp-json\/wp\/v2\/media\/1084"}],"wp:attachment":[{"href":"https:\/\/skrylle.se\/en\/wp-json\/wp\/v2\/media?parent=1080"}],"curies":[{"name":"wp","href":"https:\/\/api.w.org\/{rel}","templated":true}]}}