{"id":203,"date":"2025-02-27T12:14:24","date_gmt":"2025-02-27T11:14:24","guid":{"rendered":"https:\/\/dmygj.beeweb-lime.io\/?page_id=203"},"modified":"2025-12-05T12:04:40","modified_gmt":"2025-12-05T11:04:40","slug":"barnens-skrylle","status":"publish","type":"page","link":"https:\/\/skrylle.se\/en\/barnens-skrylle\/","title":{"rendered":"Children's Skrylle"},"content":{"rendered":"<div class=\"wpb-content-wrapper\"><div class=\"vc_row wpb_row vc_row-fluid max-840 vc_custom_1740655191984 wpex-relative\"><div class=\"wpb_column vc_column_container vc_col-sm-12\"><div class=\"vc_column-inner\"><div class=\"wpb_wrapper\"><h1 class=\"vcex-heading vcex-heading-plain vcex-module wpex-h1 vc_custom_1740655119071\"><span class=\"vcex-heading-inner wpex-inline-block\">Take the kids to Skrylle<\/span><\/h1>\n\t<div class=\"wpb_text_column wpb_content_element\" >\n\t\t<div class=\"wpb_wrapper\">\n\t\t\t<p>Pack your lunch and go exploring on exciting trails. Use your imagination and let the forest become a magical world. Maybe rocks will become a mountain to climb and large stumps a kite that flies to a foreign land.<\/p>\n<p>Grill bread sticks over an open fire. Or try the cable car that tickles your stomach. The whole forest is one big playground \u2013 if you just have a little imagination. You create the adventure yourself. Here you will get tips on what you can do with big and small children in Skrylle.<\/p>\n\n\t\t<\/div>\n\t<\/div>\n<\/div><\/div><\/div><\/div><div class=\"vc_row wpb_row vc_row-fluid vc_custom_1740655231759 vc_row-o-content-middle vc_row-flex wpex-vc-full-width-row wpex-vc-full-width-row--centered wpex-relative wpex-vc_row-has-fill wpex-vc_row-mx-0\" style=\"background-color:var(--wpex-palette-84-color)!important;\"><div class=\"wpb_column vc_column_container vc_col-sm-6\"><div class=\"vc_column-inner\"><div class=\"wpb_wrapper\"><figure class=\"vcex-image vcex-module\"><div class=\"vcex-image-inner wpex-relative wpex-inline-block\"><img width=\"1920\" height=\"1280\" src=\"https:\/\/skrylle.se\/wp-content\/uploads\/2025\/03\/Stigar-for-barn-3.webp\" class=\"vcex-image-img wpex-align-middle wpex-aspect-4-3 wpex-object-cover\" alt=\"\" loading=\"lazy\" decoding=\"async\" srcset=\"https:\/\/skrylle.se\/wp-content\/uploads\/2025\/03\/Stigar-for-barn-3.webp 1920w, https:\/\/skrylle.se\/wp-content\/uploads\/2025\/03\/Stigar-for-barn-3-300x200.webp 300w, https:\/\/skrylle.se\/wp-content\/uploads\/2025\/03\/Stigar-for-barn-3-1024x683.webp 1024w, https:\/\/skrylle.se\/wp-content\/uploads\/2025\/03\/Stigar-for-barn-3-768x512.webp 768w, https:\/\/skrylle.se\/wp-content\/uploads\/2025\/03\/Stigar-for-barn-3-1536x1024.webp 1536w, https:\/\/skrylle.se\/wp-content\/uploads\/2025\/03\/Stigar-for-barn-3-18x12.webp 18w\" sizes=\"auto, (max-width: 1920px) 100vw, 1920px\" \/><\/div><\/figure><\/div><\/div><\/div><div class=\"wpb_column max-600 vc_column_container vc_col-sm-6\"><div class=\"vc_column-inner\"><div class=\"wpb_wrapper\"><h2 class=\"vcex-heading vcex-heading-plain vcex-module wpex-h2 vc_custom_1764932408010\"><span class=\"vcex-heading-inner wpex-inline-block\">Child-friendly trails<\/span><\/h2>\n\t<div class=\"wpb_text_column wpb_content_element\" >\n\t\t<div class=\"wpb_wrapper\">\n\t\t\t<p>In Skrylleskogen there are several short themed trails that are perfect for children. For the slightly older ones there is Myrstigen, which can be hiked with Skogsmulle&#039;s map. The exercise trails in Skrylle are prepared and stroller-friendly.<\/p>\n\n\t\t<\/div>\n\t<\/div>\n<a href=\"https:\/\/skrylle.se\/en\/barnens-skrylle\/stigar-for-barn\/\" class=\"vcex-button theme-button inline\"><span class=\"vcex-button-inner theme-button-inner wpex-flex wpex-flex-wrap wpex-items-center wpex-justify-center\">Read more about trails for children<\/span><\/a> <\/div><\/div><\/div><\/div><div class=\"vc_row wpb_row vc_row-fluid vc_custom_1741184558231 vc_row-o-content-middle vc_row-flex wpex-vc-full-width-row wpex-vc-full-width-row--centered wpex-relative wpex-cols-right\"><div class=\"wpb_column vc_column_container vc_col-sm-6\"><div class=\"vc_column-inner\"><div class=\"wpb_wrapper\"><figure class=\"vcex-image vcex-module\"><div class=\"vcex-image-inner wpex-relative wpex-inline-block\"><img width=\"1920\" height=\"1280\" src=\"https:\/\/skrylle.se\/wp-content\/uploads\/2025\/03\/Grillplats.webp\" class=\"vcex-image-img wpex-align-middle wpex-aspect-4-3 wpex-object-cover\" alt=\"\" loading=\"lazy\" decoding=\"async\" srcset=\"https:\/\/skrylle.se\/wp-content\/uploads\/2025\/03\/Grillplats.webp 1920w, https:\/\/skrylle.se\/wp-content\/uploads\/2025\/03\/Grillplats-300x200.webp 300w, https:\/\/skrylle.se\/wp-content\/uploads\/2025\/03\/Grillplats-1024x683.webp 1024w, https:\/\/skrylle.se\/wp-content\/uploads\/2025\/03\/Grillplats-768x512.webp 768w, https:\/\/skrylle.se\/wp-content\/uploads\/2025\/03\/Grillplats-1536x1024.webp 1536w, https:\/\/skrylle.se\/wp-content\/uploads\/2025\/03\/Grillplats-18x12.webp 18w\" sizes=\"auto, (max-width: 1920px) 100vw, 1920px\" \/><\/div><\/figure><\/div><\/div><\/div><div class=\"wpb_column max-600 vc_column_container vc_col-sm-6\"><div class=\"vc_column-inner\"><div class=\"wpb_wrapper\"><h2 class=\"vcex-heading vcex-heading-plain vcex-module wpex-h2 vc_custom_1740751134921\"><span class=\"vcex-heading-inner wpex-inline-block\">Fika and light a fire<\/span><\/h2>\n\t<div class=\"wpb_text_column wpb_content_element\" >\n\t\t<div class=\"wpb_wrapper\">\n\t\t\t<p>What&#039;s better than a coffee in a forest clearing? Or grilling sausages over an open fire. In Skrylle there are many cozy barbecue areas and shelters to crawl into in bad weather.<\/p>\n\n\t\t<\/div>\n\t<\/div>\n<a href=\"https:\/\/skrylle.se\/en\/grillplatser-och-vindskydd\/\" class=\"vcex-button theme-button inline\"><span class=\"vcex-button-inner theme-button-inner wpex-flex wpex-flex-wrap wpex-items-center wpex-justify-center\">Read more about barbecue areas and wind shelters<\/span><\/a> <\/div><\/div><\/div><\/div><div class=\"vc_row wpb_row vc_row-fluid vc_custom_1741184868065 vc_row-o-content-middle vc_row-flex wpex-vc-full-width-row wpex-vc-full-width-row--centered wpex-relative wpex-vc_row-has-fill wpex-vc_row-mx-0\" style=\"background-color:var(--wpex-palette-82-color)!important;\"><div class=\"wpb_column vc_column_container vc_col-sm-6\"><div class=\"vc_column-inner\"><div class=\"wpb_wrapper\"><figure class=\"vcex-image vcex-module\"><div class=\"vcex-image-inner wpex-relative wpex-inline-block\"><img width=\"1600\" height=\"1067\" src=\"https:\/\/skrylle.se\/wp-content\/uploads\/2025\/12\/Naturlek-balans-3.webp\" class=\"vcex-image-img wpex-align-middle wpex-aspect-4-3 wpex-object-cover\" alt=\"\" loading=\"lazy\" decoding=\"async\" srcset=\"https:\/\/skrylle.se\/wp-content\/uploads\/2025\/12\/Naturlek-balans-3.webp 1600w, https:\/\/skrylle.se\/wp-content\/uploads\/2025\/12\/Naturlek-balans-3-300x200.webp 300w, https:\/\/skrylle.se\/wp-content\/uploads\/2025\/12\/Naturlek-balans-3-1024x683.webp 1024w, https:\/\/skrylle.se\/wp-content\/uploads\/2025\/12\/Naturlek-balans-3-768x512.webp 768w, https:\/\/skrylle.se\/wp-content\/uploads\/2025\/12\/Naturlek-balans-3-1536x1024.webp 1536w, https:\/\/skrylle.se\/wp-content\/uploads\/2025\/12\/Naturlek-balans-3-18x12.webp 18w\" sizes=\"auto, (max-width: 1600px) 100vw, 1600px\" \/><\/div><\/figure><\/div><\/div><\/div><div class=\"wpb_column vc_column_container vc_col-sm-6\"><div class=\"vc_column-inner\"><div class=\"wpb_wrapper\"><h2 class=\"vcex-heading vcex-heading-plain vcex-module wpex-h2 vc_custom_1740751144584\"><span class=\"vcex-heading-inner wpex-inline-block\">Nature play<\/span><\/h2>\n\t<div style=\"width:600px;\" class=\"wpb_text_column wpex-max-w-100 wpex-mr-auto wpb_content_element\" >\n\t\t<div class=\"wpb_wrapper\">\n\t\t\t<p>Discover the exciting nature play. Jump between the stumps, try the stomach-tickling cable car or the unusual climbing wall.<\/p>\n\n\t\t<\/div>\n\t<\/div>\n<a href=\"https:\/\/skrylle.se\/en\/barnens-skrylle\/naturlek\/\" class=\"vcex-button theme-button inline\"><span class=\"vcex-button-inner theme-button-inner wpex-flex wpex-flex-wrap wpex-items-center wpex-justify-center\">Read more about nature play<\/span><\/a> <\/div><\/div><\/div><\/div><div class=\"vc_row wpb_row vc_row-fluid vc_custom_1741184567549 vc_row-o-content-middle vc_row-flex wpex-vc-full-width-row wpex-vc-full-width-row--centered wpex-relative wpex-cols-right\"><div class=\"wpb_column vc_column_container vc_col-sm-6\"><div class=\"vc_column-inner\"><div class=\"wpb_wrapper\"><figure class=\"vcex-image vcex-module\"><div class=\"vcex-image-inner wpex-relative wpex-inline-block\"><img width=\"1920\" height=\"1280\" src=\"https:\/\/skrylle.se\/wp-content\/uploads\/2025\/03\/Fiske-1.webp\" class=\"vcex-image-img wpex-align-middle wpex-aspect-4-3 wpex-object-cover\" alt=\"\" loading=\"lazy\" decoding=\"async\" srcset=\"https:\/\/skrylle.se\/wp-content\/uploads\/2025\/03\/Fiske-1.webp 1920w, https:\/\/skrylle.se\/wp-content\/uploads\/2025\/03\/Fiske-1-300x200.webp 300w, https:\/\/skrylle.se\/wp-content\/uploads\/2025\/03\/Fiske-1-1024x683.webp 1024w, https:\/\/skrylle.se\/wp-content\/uploads\/2025\/03\/Fiske-1-768x512.webp 768w, https:\/\/skrylle.se\/wp-content\/uploads\/2025\/03\/Fiske-1-1536x1024.webp 1536w, https:\/\/skrylle.se\/wp-content\/uploads\/2025\/03\/Fiske-1-18x12.webp 18w, https:\/\/skrylle.se\/wp-content\/uploads\/2025\/03\/Fiske-1-691x461.webp 691w\" sizes=\"auto, (max-width: 1920px) 100vw, 1920px\" \/><\/div><\/figure><\/div><\/div><\/div><div class=\"wpb_column max-600 vc_column_container vc_col-sm-6\"><div class=\"vc_column-inner\"><div class=\"wpb_wrapper\"><h2 class=\"vcex-heading vcex-heading-plain vcex-module wpex-h2 vc_custom_1741184196419\"><span class=\"vcex-heading-inner wpex-inline-block\">Fishing trip<\/span><\/h2>\n\t<div class=\"wpb_text_column wpb_content_element\" >\n\t\t<div class=\"wpb_wrapper\">\n\t\t\t<p>There&#039;s something very special about catching your own fish for the first time \u2013 and maybe grilling it right over an open fire. Bring the kids and the fishing rods to R\u00f6gle Dammar.<\/p>\n\n\t\t<\/div>\n\t<\/div>\n<a href=\"https:\/\/skrylle.se\/en\/fiske-i-rogle-dammar\/\" class=\"vcex-button theme-button inline\"><span class=\"vcex-button-inner theme-button-inner wpex-flex wpex-flex-wrap wpex-items-center wpex-justify-center\">Read more about fishing in R\u00f6gle dams<\/span><\/a> <\/div><\/div><\/div><\/div><div class=\"vc_row wpb_row vc_row-fluid vc_custom_1741184571722 vc_row-o-content-middle vc_row-flex wpex-vc-full-width-row wpex-vc-full-width-row--centered wpex-relative wpex-vc_row-has-fill wpex-vc_row-mx-0\" style=\"background-color:var(--wpex-palette-83-color)!important;\"><div class=\"wpb_column vc_column_container vc_col-sm-6\"><div class=\"vc_column-inner\"><div class=\"wpb_wrapper\"><figure class=\"vcex-image vcex-module\"><div class=\"vcex-image-inner wpex-relative wpex-inline-block\"><img width=\"1920\" height=\"1280\" src=\"https:\/\/skrylle.se\/wp-content\/uploads\/2025\/03\/Naturum-2.webp\" class=\"vcex-image-img wpex-align-middle wpex-aspect-4-3 wpex-object-cover\" alt=\"\" loading=\"lazy\" decoding=\"async\" srcset=\"https:\/\/skrylle.se\/wp-content\/uploads\/2025\/03\/Naturum-2.webp 1920w, https:\/\/skrylle.se\/wp-content\/uploads\/2025\/03\/Naturum-2-300x200.webp 300w, https:\/\/skrylle.se\/wp-content\/uploads\/2025\/03\/Naturum-2-1024x683.webp 1024w, https:\/\/skrylle.se\/wp-content\/uploads\/2025\/03\/Naturum-2-768x512.webp 768w, https:\/\/skrylle.se\/wp-content\/uploads\/2025\/03\/Naturum-2-1536x1024.webp 1536w, https:\/\/skrylle.se\/wp-content\/uploads\/2025\/03\/Naturum-2-18x12.webp 18w\" sizes=\"auto, (max-width: 1920px) 100vw, 1920px\" \/><\/div><\/figure><\/div><\/div><\/div><div class=\"wpb_column vc_column_container vc_col-sm-6\"><div class=\"vc_column-inner\"><div class=\"wpb_wrapper\"><h2 class=\"vcex-heading vcex-heading-plain vcex-module wpex-h2 vc_custom_1740751153012\"><span class=\"vcex-heading-inner wpex-inline-block\">Naturum<\/span><\/h2>\n\t<div class=\"wpb_text_column wpb_content_element\" >\n\t\t<div class=\"wpb_wrapper\">\n\t\t\t<p>Curious about nature? At the Skrylle nature centre, children can listen, feel, peek behind hatches and climb on the wild boars.<\/p>\n\n\t\t<\/div>\n\t<\/div>\n<a href=\"https:\/\/skrylle.se\/en\/naturum\/\" class=\"vcex-button theme-button inline\"><span class=\"vcex-button-inner theme-button-inner wpex-flex wpex-flex-wrap wpex-items-center wpex-justify-center\">Read more about Naturum<\/span><\/a> <\/div><\/div><\/div><\/div><div class=\"vc_row wpb_row vc_row-fluid vc_custom_1741184567549 vc_row-o-content-middle vc_row-flex wpex-vc-full-width-row wpex-vc-full-width-row--centered wpex-relative wpex-cols-right\"><div class=\"wpb_column vc_column_container vc_col-sm-6\"><div class=\"vc_column-inner\"><div class=\"wpb_wrapper\"><figure class=\"vcex-image vcex-module\"><div class=\"vcex-image-inner wpex-relative wpex-inline-block\"><img width=\"1920\" height=\"1018\" src=\"https:\/\/skrylle.se\/wp-content\/uploads\/2025\/03\/vem-bor-i-skogen-djur.webp\" class=\"vcex-image-img wpex-align-middle wpex-aspect-4-3 wpex-object-cover\" alt=\"\" loading=\"lazy\" decoding=\"async\" srcset=\"https:\/\/skrylle.se\/wp-content\/uploads\/2025\/03\/vem-bor-i-skogen-djur.webp 1920w, https:\/\/skrylle.se\/wp-content\/uploads\/2025\/03\/vem-bor-i-skogen-djur-300x159.webp 300w, https:\/\/skrylle.se\/wp-content\/uploads\/2025\/03\/vem-bor-i-skogen-djur-1024x543.webp 1024w, https:\/\/skrylle.se\/wp-content\/uploads\/2025\/03\/vem-bor-i-skogen-djur-768x407.webp 768w, https:\/\/skrylle.se\/wp-content\/uploads\/2025\/03\/vem-bor-i-skogen-djur-1536x814.webp 1536w, https:\/\/skrylle.se\/wp-content\/uploads\/2025\/03\/vem-bor-i-skogen-djur-18x10.webp 18w\" sizes=\"auto, (max-width: 1920px) 100vw, 1920px\" \/><\/div><\/figure><\/div><\/div><\/div><div class=\"wpb_column max-600 vc_column_container vc_col-sm-6\"><div class=\"vc_column-inner\"><div class=\"wpb_wrapper\"><h2 class=\"vcex-heading vcex-heading-plain vcex-module wpex-h2 vc_custom_1741184735163\"><span class=\"vcex-heading-inner wpex-inline-block\">Brochure: Who lives in the forest?<\/span><\/h2>\n\t<div class=\"wpb_text_column wpb_content_element\" >\n\t\t<div class=\"wpb_wrapper\">\n\t\t\t<p>Let the children discover the anthills, study the whiteflies and listen to all the sounds of nature. In the folder &quot;Who lives in the forest?&quot; you will find lots of good nature exploration tips.<\/p>\n\n\t\t<\/div>\n\t<\/div>\n<a href=\"https:\/\/skrylle.se\/en\/barnens-skrylle\/vem-bor-i-skogen\/\" class=\"vcex-button theme-button inline\"><span class=\"vcex-button-inner theme-button-inner wpex-flex wpex-flex-wrap wpex-items-center wpex-justify-center\">Read more about the brochure<\/span><\/a> <\/div><\/div><\/div><\/div>\n<\/div>","protected":false},"excerpt":{"rendered":"Ta med barnen till Skrylle Packa mats\u00e4cken och g\u00e5 p\u00e5 uppt\u00e4cktsf\u00e4rd p\u00e5 sp\u00e4nnande stigar. Anv\u00e4nd fantasin och l\u00e5t skogen bli en magisk v\u00e4rld. Kanske blir stenar ett berg att bestiga och stora stubbar en drake som flyger till fr\u00e4mmande land. Grilla pinnbr\u00f6d \u00f6ver \u00f6ppen eld. Eller testa linbanan som kittlar i magen. Hela skogen \u00e4r&hellip;","protected":false},"author":3,"featured_media":1400,"parent":0,"menu_order":38,"comment_status":"closed","ping_status":"closed","template":"","meta":{"footnotes":""},"class_list":["post-203","page","type-page","status-publish","has-post-thumbnail","hentry","entry","has-media"],"_links":{"self":[{"href":"https:\/\/skrylle.se\/en\/wp-json\/wp\/v2\/pages\/203","targetHints":{"allow":["GET"]}}],"collection":[{"href":"https:\/\/skrylle.se\/en\/wp-json\/wp\/v2\/pages"}],"about":[{"href":"https:\/\/skrylle.se\/en\/wp-json\/wp\/v2\/types\/page"}],"author":[{"embeddable":true,"href":"https:\/\/skrylle.se\/en\/wp-json\/wp\/v2\/users\/3"}],"replies":[{"embeddable":true,"href":"https:\/\/skrylle.se\/en\/wp-json\/wp\/v2\/comments?post=203"}],"version-history":[{"count":21,"href":"https:\/\/skrylle.se\/en\/wp-json\/wp\/v2\/pages\/203\/revisions"}],"predecessor-version":[{"id":1402,"href":"https:\/\/skrylle.se\/en\/wp-json\/wp\/v2\/pages\/203\/revisions\/1402"}],"wp:featuredmedia":[{"embeddable":true,"href":"https:\/\/skrylle.se\/en\/wp-json\/wp\/v2\/media\/1400"}],"wp:attachment":[{"href":"https:\/\/skrylle.se\/en\/wp-json\/wp\/v2\/media?parent=203"}],"curies":[{"name":"wp","href":"https:\/\/api.w.org\/{rel}","templated":true}]}}