{"id":534,"date":"2025-03-03T15:04:26","date_gmt":"2025-03-03T14:04:26","guid":{"rendered":"https:\/\/dmygj.beeweb-lime.io\/?page_id=534"},"modified":"2026-03-30T11:59:25","modified_gmt":"2026-03-30T09:59:25","slug":"naturum","status":"publish","type":"page","link":"https:\/\/skrylle.se\/en\/naturum\/","title":{"rendered":"Naturum"},"content":{"rendered":"<div class=\"wpb-content-wrapper\"><div class=\"vc_row wpb_row vc_row-fluid wpex-relative\"><div class=\"wpb_column vc_column_container vc_col-sm-12\"><div class=\"vc_column-inner\"><div class=\"wpb_wrapper\"><h1 class=\"vcex-heading vcex-heading-plain vcex-module wpex-h1 vc_custom_1741008997683\"><span class=\"vcex-heading-inner wpex-inline-block\">Naturum Skrylle<\/span><\/h1><div class=\"vc_row wpb_row vc_inner vc_row-fluid wpex-relative\"><div class=\"wpb_column vc_column_container vc_col-sm-8\"><div class=\"vc_column-inner\"><div class=\"wpb_wrapper\">\n\t<div class=\"wpb_text_column wpb_content_element\" >\n\t\t<div class=\"wpb_wrapper\">\n\t\t\t<p><strong>Welcome to naturum Skrylle \u2013 your gateway to nature.<\/strong><\/p>\n<p>There is an exhibition here that is staffed with knowledgeable nature guides who are happy to help you. We guide groups and classes and welcome study visits. Come in if you have questions or want tips on what you can experience right now.<\/p>\n<p>At the visitor center you can learn about the area&#039;s plants, birds, insects and animals, cultural history and geology.<\/p>\n<h2>What is a nature center?<\/h2>\n<p>A nature centre is a centre for visitors to a natural area. Here you can learn more about the animals, plants, geology and cultural history that have shaped the area before you set out to discover nature. There are 33 nature centres in the country with exhibitions, guided tours, lectures and nature trails.<\/p>\n<p><a href=\"https:\/\/www.naturvardsverket.se\/amnesomraden\/skyddad-natur\/sa-forvaltas-skyddade-omraden\/naturum\/\" target=\"_blank\" rel=\"noopener\">Nature center in Sweden<\/a>.<\/p>\n<h2>Availability<\/h2>\n<p>Feel free to book a guided tour with a nature guide who will adapt the activity to your needs.<\/p>\n<p>Guide\/accompaniment can be booked: <a href=\"tel:0761-335373\">0761-335373<\/a><\/p>\n<hr \/>\n<h2>Naturum's programme<\/h2>\n<div data-offset-key=\"1chk3-0-0\">\n<p>FRIDAYS<br \/>\n<strong>Nature for the little ones<br \/>\n<\/strong>We explore nature near the nature center, do crafts or play. For children up to 5 years old with adults.<br \/>\nMeeting outside the visitor center. 10-10:40 a.m.<\/p>\n<p><strong>Curious about\u2026\u00a0<\/strong> March 28<\/p>\n<p>What will the nature guides find today? Outside\/inside depending on the weather and what is happening in nature right now. 11-11.40 and 14-14.40<\/p>\n<p><strong>Felting with wool<\/strong> March 29<\/p>\n<p>Try felting with sheep&#039;s wool! Our talented instructor will bring you his own colored wool that you can use to felt spring figures. Drop in between 12-3pm.<\/p>\n<p><strong>Easter holiday program<\/strong><\/p>\n<p>Tuesday to Sunday 10 am-3 pm<br \/>\nChallenge yourself with the bird riddle, which starts inside the visitor center and takes you on a tour of the surrounding area. Indoors, you can draw and do spring crafts.<\/p>\n<p><strong>Major cricket visiting<\/strong> Tuesday 12-15<br \/>\nStorkriket is coming to the naturum with a quiz. How much do you really know about storks? Test your knowledge with tricky questions and learn more about these fascinating birds.<\/p>\n<p><strong>The library bus<\/strong> Tuesday 1-3 p.m.<br \/>\nThe library bus will come to Skrylle with activities and books to borrow. Reading aloud at 2 p.m.<\/p>\n<p><strong>Temporary exhibition<\/strong><br \/>\n<strong>The return of nature \u2013 an exhibition from the Lund Society for Nature Conservation<br \/>\n<\/strong>Despite the great impact of humans, many efforts are being made today to protect and restore nature. Nature&#039;s Return highlights positive examples of when nature is on its way back in Lund Municipality. The pictures are divided into four different themes: The return of the wetlands, the living dead wood, wild neighbors and the return of the flower meadow. The exhibition can be seen until May 28. The pictures are inside the visitor center but also outdoors, so that part can be seen even when the visitor center is closed.<\/p>\n<\/div>\n<p><strong>Quiz in the VisitLund app<br \/>\n<\/strong>There&#039;s a new quiz about folk beliefs along Mullestigen, which winds its way right next to the visitor center. You can find this and much more in the Visit Lund app.<\/p>\n\n\t\t<\/div>\n\t<\/div>\n<\/div><\/div><\/div><div class=\"wpb_column vc_column_container vc_col-sm-4\"><div class=\"vc_column-inner\"><div class=\"wpb_wrapper\">\n\t<div style=\"background-color:var(--wpex-palette-84-color)!important;\" class=\"wpb_text_column wpb_content_element sidebar-box\" >\n\t\t<div class=\"wpb_wrapper\">\n\t\t\t<h2>Seasonal activities<\/h2>\n<p>You can find Naturum&#039;s program at <a href=\"https:\/\/lund.se\/uppleva-och-gora\/natur-lekplatser-och-parker\/naturomraden\/naturum-skrylle\" target=\"_blank\" rel=\"noopener\">lund.se<\/a>.<\/p>\n<p>Most activities are free of charge and if pre-registration is required, it is stated in the event.<\/p>\n\n\t\t<\/div>\n\t<\/div>\n<\/div><\/div><\/div><\/div><\/div><\/div><\/div><\/div>\n<\/div>","protected":false},"excerpt":{"rendered":"Naturum Skrylle V\u00e4lkommen till naturum Skrylle \u2013 din port till naturen. H\u00e4r finns en utst\u00e4llning som \u00e4r bemannad med kunniga naturv\u00e4gledare som g\u00e4rna hj\u00e4lper dig. Vi guidar grupper och klasser och tar emot studiebes\u00f6k. Kom in om du har fr\u00e5gor eller vill ha tips om vad du kan uppleva just nu. P\u00e5 naturum kan du&hellip;","protected":false},"author":3,"featured_media":159,"parent":0,"menu_order":21,"comment_status":"closed","ping_status":"closed","template":"","meta":{"footnotes":""},"class_list":["post-534","page","type-page","status-publish","has-post-thumbnail","hentry","entry","has-media"],"_links":{"self":[{"href":"https:\/\/skrylle.se\/en\/wp-json\/wp\/v2\/pages\/534","targetHints":{"allow":["GET"]}}],"collection":[{"href":"https:\/\/skrylle.se\/en\/wp-json\/wp\/v2\/pages"}],"about":[{"href":"https:\/\/skrylle.se\/en\/wp-json\/wp\/v2\/types\/page"}],"author":[{"embeddable":true,"href":"https:\/\/skrylle.se\/en\/wp-json\/wp\/v2\/users\/3"}],"replies":[{"embeddable":true,"href":"https:\/\/skrylle.se\/en\/wp-json\/wp\/v2\/comments?post=534"}],"version-history":[{"count":29,"href":"https:\/\/skrylle.se\/en\/wp-json\/wp\/v2\/pages\/534\/revisions"}],"predecessor-version":[{"id":1718,"href":"https:\/\/skrylle.se\/en\/wp-json\/wp\/v2\/pages\/534\/revisions\/1718"}],"wp:featuredmedia":[{"embeddable":true,"href":"https:\/\/skrylle.se\/en\/wp-json\/wp\/v2\/media\/159"}],"wp:attachment":[{"href":"https:\/\/skrylle.se\/en\/wp-json\/wp\/v2\/media?parent=534"}],"curies":[{"name":"wp","href":"https:\/\/api.w.org\/{rel}","templated":true}]}}