{"id":571,"date":"2025-03-03T15:21:09","date_gmt":"2025-03-03T14:21:09","guid":{"rendered":"https:\/\/dmygj.beeweb-lime.io\/?page_id=571"},"modified":"2025-12-04T10:12:55","modified_gmt":"2025-12-04T09:12:55","slug":"dusch-och-bastu","status":"publish","type":"page","link":"https:\/\/skrylle.se\/en\/motion-friskvard\/dusch-och-bastu\/","title":{"rendered":"Shower and sauna"},"content":{"rendered":"<div class=\"wpb-content-wrapper\"><div class=\"vc_row wpb_row vc_row-fluid wpex-relative\"><div class=\"wpb_column vc_column_container vc_col-sm-12\"><div class=\"vc_column-inner\"><div class=\"wpb_wrapper\"><h1 class=\"vcex-heading vcex-heading-plain vcex-module wpex-h1 vc_custom_1741011472970\"><span class=\"vcex-heading-inner wpex-inline-block\">Shower and sauna<\/span><\/h1>\n\t<div class=\"wpb_text_column wpb_content_element vc_custom_1764750922448\" >\n\t\t<div class=\"wpb_wrapper\">\n\t\t\t<p><strong>After a workout or a walk on the trail, you can enjoy a nice shower and some time in the warmth. There are showers, changing rooms and a wood-fired sauna.<\/strong><\/p>\n<hr \/>\n<h2>Shower and changing room<\/h2>\n<p>Directly adjacent to the track center and reception you will find changing rooms equipped with:<\/p>\n<ul>\n<li>Shower and toilet<\/li>\n<li>Lockable lockers for storage (bring your own padlock or purchase one at reception)<\/li>\n<\/ul>\n<p><strong>Opening hours: <\/strong>06:00\u201322:00<\/p>\n<p><strong>Price: <\/strong>20 kronor<\/p>\n<p>You can easily pay at the reception. If you want to conveniently handle the payment yourself, there is also a QR code and Swish number outside the entrance door. For your safety, we recommend that you leave valuables at home.<\/p>\n<hr \/>\n<h2>Wood-fired sauna<\/h2>\n<p>The wood-fired sauna has its own entrance next to the building with changing rooms and showers. There is a changing room, toilet and the sauna itself, which is always heated during opening hours.<\/p>\n<p>To ensure the sauna does not feel cramped, we recommend a maximum of 6 people at a time. There are safes for your valuables, but no lockers.<\/p>\n<p><strong>Price: <\/strong>40 kronor<\/p>\n\n\t\t<\/div>\n\t<\/div>\n<div class=\"vc_row wpb_row vc_inner vc_row-fluid wpex-relative\"><div class=\"wpb_column vc_column_container vc_col-sm-4\"><div class=\"vc_column-inner\"><div class=\"wpb_wrapper\">\n\t<div class=\"wpb_text_column wpb_content_element vc_custom_1764750560045\" >\n\t\t<div class=\"wpb_wrapper\">\n\t\t\t<p><strong>Opening hours for ladies<\/strong><br \/>\nMon: 10:00-16:00<br \/>\nWed: 10:00-16:00<br \/>\nFri: 10.00-12.30<br \/>\nSat: 1:00 PM-4:00 PM<br \/>\nSun: 10:00-12:30<\/p>\n\n\t\t<\/div>\n\t<\/div>\n<\/div><\/div><\/div><div class=\"wpb_column vc_column_container vc_col-sm-4\"><div class=\"vc_column-inner\"><div class=\"wpb_wrapper\">\n\t<div class=\"wpb_text_column wpb_content_element vc_custom_1764750563520\" >\n\t\t<div class=\"wpb_wrapper\">\n\t\t\t<p><strong>Opening hours for men<\/strong><br \/>\nTue: 10:00-16:00<br \/>\nThursday: 10:00-16:00<br \/>\nFri: 13.00-16.00<br \/>\nSat: 10:00-12:30<br \/>\nSun: 1:00 PM-4:00 PM<\/p>\n\n\t\t<\/div>\n\t<\/div>\n<\/div><\/div><\/div><div class=\"wpb_column vc_column_container vc_col-sm-4\"><div class=\"vc_column-inner\"><div class=\"wpb_wrapper\"><\/div><\/div><\/div><\/div>\n\t<div class=\"wpb_text_column wpb_content_element vc_custom_1764750961229\" >\n\t\t<div class=\"wpb_wrapper\">\n\t\t\t<p><strong>Rent the sauna privately<\/strong><br \/>\nDo you and your group want to enjoy the sauna in peace and quiet? You can rent it for your own sauna session, even outside regular opening hours. It costs 300 kronor for 3 hours.<\/p>\n<p>Contact the reception and we will help you with booking and practical information. Telephone <a href=\"tel:046-585 25\">046-585 25<\/a> or email <a href=\"mailto:reception@skrylle.se\">reception@skrylle.se<\/a>.<\/p>\n\n\t\t<\/div>\n\t<\/div>\n<\/div><\/div><\/div><\/div>\n<\/div>","protected":false},"excerpt":{"rendered":"Dusch och bastu Efter ett tr\u00e4ningspass eller en promenad i sp\u00e5ret kan du njuta av en sk\u00f6n dusch och en stund i v\u00e4rmen. H\u00e4r finns dusch, omkl\u00e4dningsrum och en vedeldad bastu. Dusch och omkl\u00e4dning I direkt anslutning till sp\u00e5rcentralen och receptionen hittar du omkl\u00e4dningsrum som\u00a0\u00e4r utrustade med: Dusch och toalett L\u00e5sbara sk\u00e5p f\u00f6r f\u00f6rvaring (ta&hellip;","protected":false},"author":3,"featured_media":1301,"parent":105,"menu_order":36,"comment_status":"closed","ping_status":"closed","template":"","meta":{"footnotes":""},"class_list":["post-571","page","type-page","status-publish","has-post-thumbnail","hentry","entry","has-media"],"_links":{"self":[{"href":"https:\/\/skrylle.se\/en\/wp-json\/wp\/v2\/pages\/571","targetHints":{"allow":["GET"]}}],"collection":[{"href":"https:\/\/skrylle.se\/en\/wp-json\/wp\/v2\/pages"}],"about":[{"href":"https:\/\/skrylle.se\/en\/wp-json\/wp\/v2\/types\/page"}],"author":[{"embeddable":true,"href":"https:\/\/skrylle.se\/en\/wp-json\/wp\/v2\/users\/3"}],"replies":[{"embeddable":true,"href":"https:\/\/skrylle.se\/en\/wp-json\/wp\/v2\/comments?post=571"}],"version-history":[{"count":14,"href":"https:\/\/skrylle.se\/en\/wp-json\/wp\/v2\/pages\/571\/revisions"}],"predecessor-version":[{"id":1285,"href":"https:\/\/skrylle.se\/en\/wp-json\/wp\/v2\/pages\/571\/revisions\/1285"}],"up":[{"embeddable":true,"href":"https:\/\/skrylle.se\/en\/wp-json\/wp\/v2\/pages\/105"}],"wp:featuredmedia":[{"embeddable":true,"href":"https:\/\/skrylle.se\/en\/wp-json\/wp\/v2\/media\/1301"}],"wp:attachment":[{"href":"https:\/\/skrylle.se\/en\/wp-json\/wp\/v2\/media?parent=571"}],"curies":[{"name":"wp","href":"https:\/\/api.w.org\/{rel}","templated":true}]}}