{"id":591,"date":"2025-03-03T16:06:04","date_gmt":"2025-03-03T15:06:04","guid":{"rendered":"https:\/\/dmygj.beeweb-lime.io\/?page_id=591"},"modified":"2026-02-06T14:23:23","modified_gmt":"2026-02-06T13:23:23","slug":"tillganglighet","status":"publish","type":"page","link":"https:\/\/skrylle.se\/en\/bra-att-veta\/tillganglighet\/","title":{"rendered":"Availability"},"content":{"rendered":"<div class=\"wpb-content-wrapper\"><div class=\"vc_row wpb_row vc_row-fluid wpex-relative\"><div class=\"wpb_column vc_column_container vc_col-sm-12\"><div class=\"vc_column-inner\"><div class=\"wpb_wrapper\"><h1 class=\"vcex-heading vcex-heading-plain vcex-module wpex-h1 vc_custom_1741014227487\"><span class=\"vcex-heading-inner wpex-inline-block\">Availability<\/span><\/h1>\n\t<div class=\"wpb_text_column wpb_content_element\" >\n\t\t<div class=\"wpb_wrapper\">\n\t\t\t<p><strong>Here you will find information that may be useful to know about accessibility in Skrylle and at Skrylleg\u00e5rden.\u00a0<\/strong><\/p>\n<h2>Parking spaces<\/h2>\n<p>There are a few smaller parking spaces along the road between Dalby and S\u00f6dra Sandby. These are signposted \u201dNature Reserve P\u201d. There is a large parking space at Skrylleg\u00e5rden and there are disabled spaces at the eastern end of the restaurant building and at the visitor centre. Buses can drive right up to the Skrylleg\u00e5rden buildings to drop people off, but parking must be done in the parking spaces furthest from the buildings.<\/p>\n<hr \/>\n<h2>Barbecue areas<\/h2>\n<p><a href=\"https:\/\/skrylle.se\/wp-content\/uploads\/2025\/03\/Tillganglighet-1.webp\"><img loading=\"lazy\" decoding=\"async\" class=\"wp-image-1053 alignright\" src=\"https:\/\/skrylle.se\/wp-content\/uploads\/2025\/03\/Tillganglighet-1-300x200.webp\" alt=\"\" width=\"400\" height=\"267\" srcset=\"https:\/\/skrylle.se\/wp-content\/uploads\/2025\/03\/Tillganglighet-1-300x200.webp 300w, https:\/\/skrylle.se\/wp-content\/uploads\/2025\/03\/Tillganglighet-1-1024x682.webp 1024w, https:\/\/skrylle.se\/wp-content\/uploads\/2025\/03\/Tillganglighet-1-768x512.webp 768w, https:\/\/skrylle.se\/wp-content\/uploads\/2025\/03\/Tillganglighet-1-18x12.webp 18w, https:\/\/skrylle.se\/wp-content\/uploads\/2025\/03\/Tillganglighet-1.webp 1400w\" sizes=\"auto, (max-width: 400px) 100vw, 400px\" \/><\/a>Barbecue area Wege, number 11, located along the adapted 1.2 km trail, has a barbecue and space for 4-5 wheelchairs. There are two smaller benches along the walls. Wege is located a short distance from the toilets.<\/p>\n<p>The other barbecue areas in the area do not have hard surfaces, but some of the areas still have relatively good accessibility, for example number 2 which has a raised barbecue. The surface is grass or soil and is usually hard and firm. There is no wind and rain protection. The area is close to toilets and parking.<\/p>\n<hr \/>\n<h2>Toilets<\/h2>\n<p>There are toilets at Skrylleg\u00e5rden. Two of these are handicapped accessible but none have bunks. One is located by the service building on the east end of the restaurant. The other is located by the shower and changing room, the key to this can be obtained at reception. There is a slightly sloping ramp to the toilet which also has a shower.<\/p>\n<p>There are also dry toilets at Pr\u00e4staskogens Nature Reserve and at Dalby S\u00f6derskog. These lack access to water and are not heated. It is possible to get in with a wheelchair but they do not meet the requirements for disabled access. Otherwise, there are smaller toilets at the parking lot for M\u00e5ryds Nature Reserve and at the nature play area.<\/p>\n<hr \/>\n<h2>Naturum Skrylle<\/h2>\n<p>The nature reserve is accessible to people in wheelchairs and has an indoor disabled toilet (not with a bunk bed). Please contact naturum@lund.se if you would like to know more about accessibility.<\/p>\n<hr \/>\n<h2>The restaurant<\/h2>\n<p>The restaurant is wheelchair accessible via the patio entrance. A disabled toilet is available via the main entrance.<\/p>\n<hr \/>\n<h2>Exercise track<\/h2>\n<p><a href=\"https:\/\/skrylle.se\/wp-content\/uploads\/2025\/03\/Tillganglighet-2.webp\"><img loading=\"lazy\" decoding=\"async\" class=\"alignright wp-image-1052\" src=\"https:\/\/skrylle.se\/wp-content\/uploads\/2025\/03\/Tillganglighet-2-300x200.webp\" alt=\"\" width=\"400\" height=\"267\" srcset=\"https:\/\/skrylle.se\/wp-content\/uploads\/2025\/03\/Tillganglighet-2-300x200.webp 300w, https:\/\/skrylle.se\/wp-content\/uploads\/2025\/03\/Tillganglighet-2-1024x683.webp 1024w, https:\/\/skrylle.se\/wp-content\/uploads\/2025\/03\/Tillganglighet-2-768x512.webp 768w, https:\/\/skrylle.se\/wp-content\/uploads\/2025\/03\/Tillganglighet-2-1536x1024.webp 1536w, https:\/\/skrylle.se\/wp-content\/uploads\/2025\/03\/Tillganglighet-2-18x12.webp 18w, https:\/\/skrylle.se\/wp-content\/uploads\/2025\/03\/Tillganglighet-2.webp 1920w\" sizes=\"auto, (max-width: 400px) 100vw, 400px\" \/><\/a>There are five prepared exercise trails, four of which are floodlit (1.2 km, 2.2 km, 3 km and 5 km).<\/p>\n<p>The 1.2 km exercise trail (also called the easy trail) is adapted for people with reduced mobility and also for wheelchairs. The surface consists of packed fine gravel. Assistance may be needed on some slopes. Along the path there are a number of benches with armrests placed at intervals of about 100 meters. Along the trail there is the Wege wind shelter for 4-5 wheelchairs, a sound installation with some of the forest animals and a motor track for wheelchairs. The motor track is an exciting challenge also for pedestrians with reduced mobility.<\/p>\n<p>Otherwise, the 3 km track is also easy to navigate. The surface consists of fine gravel and is passable as long as heavy rain has not washed away the gravel. There are a few hills where assistance may be needed. Benches are located approximately 1 km apart.<\/p>\n<p>The 5 km track is also accessible by electric scooter and in the summer the larger forest roads are also normally passable. There is sometimes transport with construction machinery in the area which can affect the passability of the forest roads.<\/p>\n<hr \/>\n<h2>R\u00f6gle ponds<\/h2>\n<p>At R\u00f6gle dammar there is a fishing pier adapted for people in wheelchairs and the toilet at the dams is adapted for the disabled. People with reduced mobility can park directly next to the fishing pier and toilet.<\/p>\n\n\t\t<\/div>\n\t<\/div>\n<\/div><\/div><\/div><\/div>\n<\/div>","protected":false},"excerpt":{"rendered":"Tillg\u00e4nglighet H\u00e4r finner du information som kan vara bra att veta kring tillg\u00e4nglighet i Skrylle och vid Skrylleg\u00e5rden.\u00a0 Parkeringsplatser Det finns n\u00e5gra mindre parkeringsplatser utmed v\u00e4gen mellan Dalby och S\u00f6dra Sandby. Dessa \u00e4r skyltade \u201dNaturreservat P\u201d. Vid Skrylleg\u00e5rden finns en stor parkeringsplats och det finns handikapplatser vid restaurangbyggnadens \u00f6stra gavel samt vid naturum. Bussar kan&hellip;","protected":false},"author":3,"featured_media":1051,"parent":107,"menu_order":27,"comment_status":"closed","ping_status":"closed","template":"","meta":{"footnotes":""},"class_list":["post-591","page","type-page","status-publish","has-post-thumbnail","hentry","entry","has-media"],"_links":{"self":[{"href":"https:\/\/skrylle.se\/en\/wp-json\/wp\/v2\/pages\/591","targetHints":{"allow":["GET"]}}],"collection":[{"href":"https:\/\/skrylle.se\/en\/wp-json\/wp\/v2\/pages"}],"about":[{"href":"https:\/\/skrylle.se\/en\/wp-json\/wp\/v2\/types\/page"}],"author":[{"embeddable":true,"href":"https:\/\/skrylle.se\/en\/wp-json\/wp\/v2\/users\/3"}],"replies":[{"embeddable":true,"href":"https:\/\/skrylle.se\/en\/wp-json\/wp\/v2\/comments?post=591"}],"version-history":[{"count":11,"href":"https:\/\/skrylle.se\/en\/wp-json\/wp\/v2\/pages\/591\/revisions"}],"predecessor-version":[{"id":1595,"href":"https:\/\/skrylle.se\/en\/wp-json\/wp\/v2\/pages\/591\/revisions\/1595"}],"up":[{"embeddable":true,"href":"https:\/\/skrylle.se\/en\/wp-json\/wp\/v2\/pages\/107"}],"wp:featuredmedia":[{"embeddable":true,"href":"https:\/\/skrylle.se\/en\/wp-json\/wp\/v2\/media\/1051"}],"wp:attachment":[{"href":"https:\/\/skrylle.se\/en\/wp-json\/wp\/v2\/media?parent=591"}],"curies":[{"name":"wp","href":"https:\/\/api.w.org\/{rel}","templated":true}]}}