{"id":596,"date":"2025-03-03T16:08:45","date_gmt":"2025-03-03T15:08:45","guid":{"rendered":"https:\/\/dmygj.beeweb-lime.io\/?page_id=596"},"modified":"2026-02-03T15:03:02","modified_gmt":"2026-02-03T14:03:02","slug":"hitta-hit","status":"publish","type":"page","link":"https:\/\/skrylle.se\/en\/bra-att-veta\/hitta-hit\/","title":{"rendered":"Directions"},"content":{"rendered":"<div class=\"wpb-content-wrapper\"><div class=\"vc_row wpb_row vc_row-fluid max-840-no-margin wpex-relative\"><div class=\"wpb_column vc_column_container vc_col-sm-12\"><div class=\"vc_column-inner\"><div class=\"wpb_wrapper\"><h1 class=\"vcex-heading vcex-heading-plain vcex-module wpex-h1 vc_custom_1764940081264\"><span class=\"vcex-heading-inner wpex-inline-block\">How to get to Skrylleg\u00e5rden<\/span><\/h1>\n\t<div class=\"wpb_text_column wpb_content_element\" >\n\t\t<div class=\"wpb_wrapper\">\n\t\t\t<p><strong>Skrylleg\u00e5rden is located just east of the road between Dalby and S\u00f6dra Sandby, approximately 12 km east of Lund. The road is signposted to Skrylleg\u00e5rden.<\/strong><\/p>\n<hr \/>\n<h2>Bus<\/h2>\n<p>You can take the bus to the Skrylle stop, which is located along Dalby\u2013S\u00f6dra Sandby road, about 500 meters walk from Skrylleg\u00e5rden.<\/p>\n<ul>\n<li>Nature bus no. 159 departs from Lund C and stops at Dalby S\u00f6derskog, Skrylleg\u00e5rden, Torna H\u00e4llestad and S\u00f6dra Sandby.<\/li>\n<li>The bus runs most of the year, with a break during the winter.<\/li>\n<\/ul>\n<p>More information about timetables can be found at <a href=\"https:\/\/www.skanetrafiken.se\" target=\"_blank\" rel=\"noopener\">Sk\u00e5netrafiken&#039;s website<\/a>.<\/p>\n<hr \/>\n<h2>Car and parking<\/h2>\n<ul>\n<li>Skrylleg\u00e5rden has a large free parking lot. Disabled parking is available at the eastern end of the restaurant and next to the visitor center.<\/li>\n<li>Additional parking spaces are available along Dalby\u2013Sandbyv\u00e4gen, at R\u00f6gle dammar, M\u00e5ryd and at Dalbybadet (short walk to the exercise tracks).<\/li>\n<li>There is a small parking lot at Torna H\u00e4llestad and Trollskogen.<\/li>\n<\/ul>\n<p>See all parking on our <a href=\"https:\/\/skrylle.se\/wp-content\/uploads\/2025\/12\/Skylle_oversiktskarta.pdf\" target=\"_blank\" rel=\"noopener\">overview map<\/a>.<\/p>\n<hr \/>\n<h2>Cycle<\/h2>\n<p>It is easy and pleasant to cycle to Skrylleg\u00e5rden. There are nice cycle paths from Lund, S\u00f6dra Sandby and Dalby. A beautiful route from Lund goes via Hardebergasp\u00e5ret and Billebjer.<\/p>\n\n\t\t<\/div>\n\t<\/div>\n<\/div><\/div><\/div><\/div>\n<\/div>","protected":false},"excerpt":{"rendered":"S\u00e5 tar du dig till Skrylleg\u00e5rden Skrylleg\u00e5rden ligger strax \u00f6ster om v\u00e4gen mellan Dalby och S\u00f6dra Sandby, cirka 12 km \u00f6ster om Lund. V\u00e4gen \u00e4r skyltad mot Skrylleg\u00e5rden. Buss Du kan ta buss till h\u00e5llplats Skrylle, som ligger l\u00e4ngs Dalby\u2013S\u00f6dra Sandby-v\u00e4gen, cirka 500 meters promenad fr\u00e5n Skrylleg\u00e5rden. Naturbussen nr 159 avg\u00e5r fr\u00e5n Lund C och&hellip;","protected":false},"author":3,"featured_media":1432,"parent":107,"menu_order":25,"comment_status":"closed","ping_status":"closed","template":"","meta":{"footnotes":""},"class_list":["post-596","page","type-page","status-publish","has-post-thumbnail","hentry","entry","has-media"],"_links":{"self":[{"href":"https:\/\/skrylle.se\/en\/wp-json\/wp\/v2\/pages\/596","targetHints":{"allow":["GET"]}}],"collection":[{"href":"https:\/\/skrylle.se\/en\/wp-json\/wp\/v2\/pages"}],"about":[{"href":"https:\/\/skrylle.se\/en\/wp-json\/wp\/v2\/types\/page"}],"author":[{"embeddable":true,"href":"https:\/\/skrylle.se\/en\/wp-json\/wp\/v2\/users\/3"}],"replies":[{"embeddable":true,"href":"https:\/\/skrylle.se\/en\/wp-json\/wp\/v2\/comments?post=596"}],"version-history":[{"count":9,"href":"https:\/\/skrylle.se\/en\/wp-json\/wp\/v2\/pages\/596\/revisions"}],"predecessor-version":[{"id":1566,"href":"https:\/\/skrylle.se\/en\/wp-json\/wp\/v2\/pages\/596\/revisions\/1566"}],"up":[{"embeddable":true,"href":"https:\/\/skrylle.se\/en\/wp-json\/wp\/v2\/pages\/107"}],"wp:featuredmedia":[{"embeddable":true,"href":"https:\/\/skrylle.se\/en\/wp-json\/wp\/v2\/media\/1432"}],"wp:attachment":[{"href":"https:\/\/skrylle.se\/en\/wp-json\/wp\/v2\/media?parent=596"}],"curies":[{"name":"wp","href":"https:\/\/api.w.org\/{rel}","templated":true}]}}