{"id":617,"date":"2025-03-03T16:26:08","date_gmt":"2025-03-03T15:26:08","guid":{"rendered":"https:\/\/dmygj.beeweb-lime.io\/?page_id=617"},"modified":"2025-12-05T11:28:52","modified_gmt":"2025-12-05T10:28:52","slug":"orientering","status":"publish","type":"page","link":"https:\/\/skrylle.se\/en\/orientering\/","title":{"rendered":"Orienteering"},"content":{"rendered":"<div class=\"wpb-content-wrapper\"><div class=\"vc_row wpb_row vc_row-fluid wpex-relative\"><div class=\"wpb_column vc_column_container vc_col-sm-12\"><div class=\"vc_column-inner\"><div class=\"wpb_wrapper\"><h1 class=\"vcex-heading vcex-heading-plain vcex-module wpex-h1 vc_custom_1741015538282\"><span class=\"vcex-heading-inner wpex-inline-block\">Orienteering in Skrylleskogen<\/span><\/h1>\n\t<div class=\"wpb_text_column wpb_content_element\" >\n\t\t<div class=\"wpb_wrapper\">\n\t\t\t<p><strong>Try orienteering in the Skrylle area through the Nature Pass or the Course of the Month. Lunds OK offers a nice opportunity to practice the art of orienteering. Start and finish at Skrylleg\u00e5rden and map sheets can be purchased at the reception.<\/strong><\/p>\n<p>The \u201cNature Pass\u201d is an exercise orientation program from June 1 to October 30. There are thirty checkpoints located in the Skrylle terrain, which you can visit whenever you want during the period. Gift cards will be raffled off among those who have visited at least twenty-five checkpoints.<\/p>\n<p>During the period October-April you can try the &quot;Orientation Course of the Month&quot; where there is a new round every month. Run or walk it on your own or challenge your friends to a competition.<\/p>\n\n\t\t<\/div>\n\t<\/div>\n<\/div><\/div><\/div><\/div>\n<\/div>","protected":false},"excerpt":{"rendered":"Orientera i Skrylleskogen Prova p\u00e5 orientering i Skrylleomr\u00e5det genom Naturpasset eller M\u00e5nadens bana. Det \u00e4r Lunds OK som erbjuder en trevlig tr\u00e4ningsm\u00f6jlighet i konsten att orientera. Start och m\u00e5l vid Skrylleg\u00e5rden och kartblad kan k\u00f6pas i receptionen. \u201dNaturpasset\u201d \u00e4r motionsorientering under tiden 1 juni \u2013 30 oktober. Det finns trettio kontroller utplacerade i Skrylleterr\u00e4ngen, som&hellip;","protected":false},"author":3,"featured_media":618,"parent":0,"menu_order":12,"comment_status":"closed","ping_status":"closed","template":"","meta":{"footnotes":""},"class_list":["post-617","page","type-page","status-publish","has-post-thumbnail","hentry","entry","has-media"],"_links":{"self":[{"href":"https:\/\/skrylle.se\/en\/wp-json\/wp\/v2\/pages\/617","targetHints":{"allow":["GET"]}}],"collection":[{"href":"https:\/\/skrylle.se\/en\/wp-json\/wp\/v2\/pages"}],"about":[{"href":"https:\/\/skrylle.se\/en\/wp-json\/wp\/v2\/types\/page"}],"author":[{"embeddable":true,"href":"https:\/\/skrylle.se\/en\/wp-json\/wp\/v2\/users\/3"}],"replies":[{"embeddable":true,"href":"https:\/\/skrylle.se\/en\/wp-json\/wp\/v2\/comments?post=617"}],"version-history":[{"count":6,"href":"https:\/\/skrylle.se\/en\/wp-json\/wp\/v2\/pages\/617\/revisions"}],"predecessor-version":[{"id":675,"href":"https:\/\/skrylle.se\/en\/wp-json\/wp\/v2\/pages\/617\/revisions\/675"}],"wp:featuredmedia":[{"embeddable":true,"href":"https:\/\/skrylle.se\/en\/wp-json\/wp\/v2\/media\/618"}],"wp:attachment":[{"href":"https:\/\/skrylle.se\/en\/wp-json\/wp\/v2\/media?parent=617"}],"curies":[{"name":"wp","href":"https:\/\/api.w.org\/{rel}","templated":true}]}}