{"id":638,"date":"2025-03-04T10:24:09","date_gmt":"2025-03-04T09:24:09","guid":{"rendered":"https:\/\/dmygj.beeweb-lime.io\/?page_id=638"},"modified":"2026-04-07T14:22:30","modified_gmt":"2026-04-07T12:22:30","slug":"fiske-i-rogle-dammar","status":"publish","type":"page","link":"https:\/\/skrylle.se\/en\/fiske-i-rogle-dammar\/","title":{"rendered":"Fishing in R\u00f6gle ponds"},"content":{"rendered":"<div class=\"wpb-content-wrapper\"><div class=\"vc_row wpb_row vc_row-fluid wpex-relative\"><div class=\"wpb_column vc_column_container vc_col-sm-12\"><div class=\"vc_column-inner\"><div class=\"wpb_wrapper\"><h1 class=\"vcex-heading vcex-heading-plain vcex-module wpex-h1 vc_custom_1741080223454\"><span class=\"vcex-heading-inner wpex-inline-block\">Fishing in R\u00f6gle ponds<\/span><\/h1>\n\t<div class=\"wpb_text_column wpb_content_element\" >\n\t\t<div class=\"wpb_wrapper\">\n\t\t\t<p>R\u00f6gle Dammar is an easily accessible and family-friendly sport fishing area with barbecue areas, toilets, wind shelters and several piers. The area consists of five ponds that are home to rainbow trout, trout, pike, perch, roach, bream and carp. The fishing is varied for both beginners and the more experienced.<\/p>\n<hr \/>\n<h2>Directions<\/h2>\n<p>R\u00f6gle dams can be found in the northwestern part of the Skrylle area, see <a href=\"https:\/\/skrylle.se\/wp-content\/uploads\/2025\/12\/Skylle_oversiktskarta.pdf\" target=\"_blank\" rel=\"noopener\">overview map<\/a>.The map also shows the three parking lots adjacent to the dams.<\/p>\n<hr \/>\n<h2>Fishing license<\/h2>\n<p>Fishing licenses can be purchased during weekdays at Skrylleg\u00e5rden or on site with a Swish to 1235880125. Information with current prices and fishing rules can be found at dam 1 and dam 4, during weekends in the office at dam 1 (eastern dam). See more information under the heading opening hours. Companies and municipal administrations can be invoiced against an issued requisition.<\/p>\n<p>The fishing license must always be carried when fishing and can be presented together with identification upon request. Fishing without a valid fishing license is punishable as poaching and the fishing equipment may be confiscated. When paying with Swish, the Swish receipt in the app&#039;s history counts as a fishing license.<\/p>\n<hr \/>\n<p><img loading=\"lazy\" decoding=\"async\" class=\"alignnone wp-image-1355 size-full\" src=\"https:\/\/skrylle.se\/wp-content\/uploads\/2025\/12\/Fiske-3.webp\" alt=\"\" width=\"1024\" height=\"683\" srcset=\"https:\/\/skrylle.se\/wp-content\/uploads\/2025\/12\/Fiske-3.webp 1024w, https:\/\/skrylle.se\/wp-content\/uploads\/2025\/12\/Fiske-3-300x200.webp 300w, https:\/\/skrylle.se\/wp-content\/uploads\/2025\/12\/Fiske-3-768x512.webp 768w, https:\/\/skrylle.se\/wp-content\/uploads\/2025\/12\/Fiske-3-18x12.webp 18w\" sizes=\"auto, (max-width: 1024px) 100vw, 1024px\" \/><\/p>\n<hr \/>\n<h2>Dams 1 and 2 (eastern dams)<\/h2>\n<p><strong>Fish species:<\/strong>\u00a0Rainbow and trout, but also perch, roach and pike.<br \/>\n<strong>Fishing methods:<\/strong> Spinning, fly, ice fishing and angling (see rules below). When fishing with bobby or spinning fly, fishing must be done actively.<\/p>\n<p>Angling may be done with a rod and only single hooks are permitted. It is permitted to use floats or to bottom fish with lead weights. Corn, maggots, worms, shrimp and artificial baits (from manufacturers such as Powerbait, Gulp, Libra, etc.) are permitted as bait. However, it is not permitted to use pasta from e.g. powerbait.<\/p>\n<p>All forms of mash and feeder fishing are prohibited in ponds 1-2.<\/p>\n<h3>What about in pond 1-2?<\/h3>\n<ul>\n<li>The fishing license entitles you to fishing in all five ponds.<\/li>\n<li>The maximum catch per adult day card is 2 game fish and for youth cards 2 game fish.<\/li>\n<li>Maximum two cards per day\/angler.<\/li>\n<li>Rainbow trout and brown trout may not be released.<\/li>\n<li>Perch weighing 1kg or more must be released.<\/li>\n<li>Pike, regardless of weight, can be caught to take home.<\/li>\n<li>Priest (club) is mandatory in ponds 1-2<\/li>\n<li>Nets are mandatory in all five ponds.<\/li>\n<li>The fishing license is personal and catches may not be transferred.<\/li>\n<li>After fishing, the catch of game fish must be reported to the supervisory staff regardless of whether you have caught any fish or not.<\/li>\n<\/ul>\n<hr \/>\n<h2>Ponds 3 \u2013 5 (western ponds)<\/h2>\n<p><strong>Fish species:<\/strong> Roach, perch, carp, bream, tench, rudd, bream, pike<br \/>\n<strong>Fishing methods:<\/strong> Angling, spinning, fly and ice fishing.<\/p>\n<h3>What about in ponds 3-5?<\/h3>\n<ul>\n<li>The fishing license is valid for using two rods.<\/li>\n<li>Only one single hook per rod when fishing.<\/li>\n<li>Tents (bivy) are only allowed for use when fishing and in places that do not disturb other guests, not on the footpath.<\/li>\n<li>Bait boats are not allowed.<\/li>\n<li>Unhooking mats are mandatory when fishing for carp, tench and bream.<\/li>\n<li>Pike, regardless of weight, can be caught to take home.<\/li>\n<li>Bream, tench, rudd, carp and bream will be released.<\/li>\n<li>Perch weighing 1kg or more must be released.<\/li>\n<li>Nets are mandatory in all five ponds.<\/li>\n<li>Rods should never be left unattended.<\/li>\n<li>No burning in places other than those specified<\/li>\n<li>No felling of forests and branches<\/li>\n<\/ul>\n<hr \/>\n<h2>Crayfishing<\/h2>\n<p>Crayfish fishing 2026 will be held on Friday 7\/8 in ponds 4 and 5 from 3:00 PM to 10:00 PM with a total of 130 places. We are also arranging evening fishing with 50 places in pond 1 on Friday 14\/8 from 5:00 PM to midnight. The event is fully booked.<\/p>\n<p>The fee is 400 SEK per place. Cages can be rented for 25 SEK\/each, maximum five cages per place. Catch of 2kg per place per place. If you catch more, you can pay for this at a cost of 200 SEK\/kg.<\/p>\n<p>During the rest of the time, crayfish fishing is prohibited in all ponds.<\/p>\n<hr \/>\n<h2>Availability<\/h2>\n<p>In pond 1 there is a dock adapted for walkers, wheelchairs and mobility aids. There is an accessible toilet that is always open. There is also a long floating dock.<\/p>\n<p>In pond 1 there are two short piers, in pond 2 two short piers and in pond 5 one long pier.<\/p>\n<p>There is an opportunity for people with reduced mobility to park their car in a designated space next to pond 1.<\/p>\n<hr \/>\n<h2><img loading=\"lazy\" decoding=\"async\" class=\"alignnone size-full wp-image-1354\" src=\"https:\/\/skrylle.se\/wp-content\/uploads\/2025\/12\/Fiske-2.webp\" alt=\"\" width=\"1024\" height=\"683\" srcset=\"https:\/\/skrylle.se\/wp-content\/uploads\/2025\/12\/Fiske-2.webp 1024w, https:\/\/skrylle.se\/wp-content\/uploads\/2025\/12\/Fiske-2-300x200.webp 300w, https:\/\/skrylle.se\/wp-content\/uploads\/2025\/12\/Fiske-2-768x512.webp 768w, https:\/\/skrylle.se\/wp-content\/uploads\/2025\/12\/Fiske-2-18x12.webp 18w\" sizes=\"auto, (max-width: 1024px) 100vw, 1024px\" \/><\/h2>\n<hr \/>\n<h2>Contact \u2013 R\u00f6gle dams<\/h2>\n<p>You can reach the supervisory staff during opening hours at the office at dam 1 (east dam) or by phone at 072-23 77 900.<\/p>\n<p>It is also possible to email to <a href=\"mailto:friluftsframjandet@skrylle.se\">friluftsframjandet@skrylle.se<\/a> or send a message to<br \/>\nR\u00f6gle Sportfishing via Messenger.<\/p>\n<p>Follow <a href=\"https:\/\/www.facebook.com\/profile.php?id=61572215497100\" target=\"_blank\" rel=\"noopener\">R\u00f6gle Sportfishing on Facebook<\/a> to get the latest and fastest information about R\u00f6gle dams.<\/p>\n\n\t\t<\/div>\n\t<\/div>\n<\/div><\/div><\/div><\/div>\n<\/div>","protected":false},"excerpt":{"rendered":"Fiske i R\u00f6gle dammar R\u00f6gle dammar \u00e4r ett l\u00e4ttillg\u00e4ngligt och familjev\u00e4nligt sportfiskeomr\u00e5de med iordningst\u00e4llda grillplatser, toaletter, vindskydd och ett flertal bryggor. Omr\u00e5det best\u00e5r av fem dammar som hyser regnb\u00e5ge, \u00f6ring, g\u00e4dda, abborre, m\u00f6rt, braxen och karp. Fisket \u00e4r varierande f\u00f6r s\u00e5v\u00e4l nyb\u00f6rjare som den mer erfarne. Hitta hit R\u00f6gle dammar finner du i nordv\u00e4stra delen&hellip;","protected":false},"author":3,"featured_media":1038,"parent":0,"menu_order":6,"comment_status":"closed","ping_status":"closed","template":"","meta":{"footnotes":""},"class_list":["post-638","page","type-page","status-publish","has-post-thumbnail","hentry","entry","has-media"],"_links":{"self":[{"href":"https:\/\/skrylle.se\/en\/wp-json\/wp\/v2\/pages\/638","targetHints":{"allow":["GET"]}}],"collection":[{"href":"https:\/\/skrylle.se\/en\/wp-json\/wp\/v2\/pages"}],"about":[{"href":"https:\/\/skrylle.se\/en\/wp-json\/wp\/v2\/types\/page"}],"author":[{"embeddable":true,"href":"https:\/\/skrylle.se\/en\/wp-json\/wp\/v2\/users\/3"}],"replies":[{"embeddable":true,"href":"https:\/\/skrylle.se\/en\/wp-json\/wp\/v2\/comments?post=638"}],"version-history":[{"count":19,"href":"https:\/\/skrylle.se\/en\/wp-json\/wp\/v2\/pages\/638\/revisions"}],"predecessor-version":[{"id":1728,"href":"https:\/\/skrylle.se\/en\/wp-json\/wp\/v2\/pages\/638\/revisions\/1728"}],"wp:featuredmedia":[{"embeddable":true,"href":"https:\/\/skrylle.se\/en\/wp-json\/wp\/v2\/media\/1038"}],"wp:attachment":[{"href":"https:\/\/skrylle.se\/en\/wp-json\/wp\/v2\/media?parent=638"}],"curies":[{"name":"wp","href":"https:\/\/api.w.org\/{rel}","templated":true}]}}