{"id":717,"date":"2025-03-04T12:26:22","date_gmt":"2025-03-04T11:26:22","guid":{"rendered":"https:\/\/dmygj.beeweb-lime.io\/?page_id=717"},"modified":"2025-12-05T11:26:18","modified_gmt":"2025-12-05T10:26:18","slug":"rida","status":"publish","type":"page","link":"https:\/\/skrylle.se\/en\/rida\/","title":{"rendered":"Ride"},"content":{"rendered":"<div class=\"wpb-content-wrapper\"><div class=\"vc_row wpb_row vc_row-fluid wpex-relative\"><div class=\"wpb_column vc_column_container vc_col-sm-12\"><div class=\"vc_column-inner\"><div class=\"wpb_wrapper\"><h1 class=\"vcex-heading vcex-heading-plain vcex-module wpex-h1 vc_custom_1764929890000\"><span class=\"vcex-heading-inner wpex-inline-block\">Riding trails in Skrylle<\/span><\/h1><div class=\"vc_row wpb_row vc_inner vc_row-fluid wpex-relative\"><div class=\"wpb_column vc_column_container vc_col-sm-12\"><div class=\"vc_column-inner\"><div class=\"wpb_wrapper\">\n\t<div class=\"wpb_text_column wpb_content_element\" >\n\t\t<div class=\"wpb_wrapper\">\n\t\t\t<p><strong>Skrylle offers around 20 km of marked riding trails, from R\u00f6gletippen in the west to Revingef\u00e4ltet in the east. The trails run through the forest and across the open fields between Dalby and T H\u00e4llestad. The surface varies but consists mostly of gravel tracks and forest roads.<\/strong><\/p>\n<p>On some paths and forest roads, horse riders, cyclists, joggers and other visitors coexist, which requires everyone to show consideration.<\/p>\n<hr \/>\n<h2>Important to consider<\/h2>\n<ul>\n<li>Always show consideration for others and slow down to a walk when meeting.<\/li>\n<li>Only ride on marked riding trails within the nature reserve \u2013 they are marked with a riding symbol.<\/li>\n<li>Outside the nature reserves, the right of public access applies, but exercise great caution to avoid damage to the ground. Do not ride on vacant land, plantations, fields, embankments, soft forest paths, marshes, meadows or pastures.<\/li>\n<\/ul>\n<hr \/>\n<h2>Parking and accessibility<\/h2>\n<ul>\n<li>Parking spaces are available at R\u00f6gle landfill and H\u00e4llestadsv\u00e4gen, with space for horse transport.<\/li>\n<li>The bridle paths pass near these parking lots.<\/li>\n<li>At the R\u00f6gle landfill in the northwest there are many landscaped riding trails, some of which are hilly.<\/li>\n<li>Where the bridleway crosses the road between Dalby and Sandby, there are ramps for a safer crossing.<\/li>\n<\/ul>\n<hr \/>\n<h2>Riding map<\/h2>\n<h2><a href=\"https:\/\/skrylle.se\/wp-content\/uploads\/2025\/03\/Skrylle_med-ridstig_210916.webp\"><img loading=\"lazy\" decoding=\"async\" class=\"alignnone wp-image-741 size-large\" src=\"https:\/\/skrylle.se\/wp-content\/uploads\/2025\/03\/Skrylle_med-ridstig_210916-1024x724.webp\" alt=\"\" width=\"980\" height=\"693\" srcset=\"https:\/\/skrylle.se\/wp-content\/uploads\/2025\/03\/Skrylle_med-ridstig_210916-1024x724.webp 1024w, https:\/\/skrylle.se\/wp-content\/uploads\/2025\/03\/Skrylle_med-ridstig_210916-300x212.webp 300w, https:\/\/skrylle.se\/wp-content\/uploads\/2025\/03\/Skrylle_med-ridstig_210916-768x543.webp 768w, https:\/\/skrylle.se\/wp-content\/uploads\/2025\/03\/Skrylle_med-ridstig_210916-1536x1086.webp 1536w, https:\/\/skrylle.se\/wp-content\/uploads\/2025\/03\/Skrylle_med-ridstig_210916-18x12.webp 18w, https:\/\/skrylle.se\/wp-content\/uploads\/2025\/03\/Skrylle_med-ridstig_210916.webp 1920w\" sizes=\"auto, (max-width: 980px) 100vw, 980px\" \/><\/a><\/h2>\n<p>Click on the map to enlarge or <a href=\"https:\/\/skrylle.se\/wp-content\/uploads\/2025\/03\/Skrylle_med-ridstig_210916.pdf\" target=\"_blank\" rel=\"noopener\">click here to open as PDF<\/a>. The route of the bridle paths is also available on the <a href=\"https:\/\/skrylle.se\/en\/kartor\/interaktiv-karta\/\">interactive map<\/a>.<\/p>\n<hr \/>\n\n\t\t<\/div>\n\t<\/div>\n<\/div><\/div><\/div><\/div><\/div><\/div><\/div><\/div><div class=\"vc_row wpb_row vc_row-fluid wpex-relative wpex-vc_row-col-mb-0\"><div class=\"wpb_column vc_column_container vc_col-sm-12\"><div class=\"vc_column-inner\"><div class=\"wpb_wrapper\"><div class=\"vcex-image-carousel wpex-carousel wpex-carousel-images wpex-clr vcex-module arrwstyle-default arrwpos-abs\" data-wpex-carousel=\"{&quot;dots&quot;:&quot;true&quot;,&quot;autoplay&quot;:&quot;true&quot;,&quot;slideBy&quot;:1,&quot;items&quot;:1,&quot;responsive&quot;:{&quot;0&quot;:{&quot;items&quot;:&quot;1&quot;},&quot;480&quot;:{&quot;items&quot;:1},&quot;768&quot;:{&quot;items&quot;:1},&quot;960&quot;:{&quot;items&quot;:1}}}\"><div class=\"wpex-carousel-slide\"><figure class=\"wpex-carousel-entry-media entry-media wpex-relative\"><img width=\"1024\" height=\"683\" src=\"https:\/\/skrylle.se\/wp-content\/uploads\/2025\/12\/Ridning-5.webp\" class=\"wpex-align-middle skip-lazy\" alt=\"\" data-no-lazy=\"1\" srcset=\"https:\/\/skrylle.se\/wp-content\/uploads\/2025\/12\/Ridning-5.webp 1024w, https:\/\/skrylle.se\/wp-content\/uploads\/2025\/12\/Ridning-5-300x200.webp 300w, https:\/\/skrylle.se\/wp-content\/uploads\/2025\/12\/Ridning-5-768x512.webp 768w, https:\/\/skrylle.se\/wp-content\/uploads\/2025\/12\/Ridning-5-18x12.webp 18w\" sizes=\"(max-width: 1024px) 100vw, 1024px\" \/><\/figure><\/div><div class=\"wpex-carousel-slide\"><figure class=\"wpex-carousel-entry-media entry-media wpex-relative\"><img width=\"1024\" height=\"683\" src=\"https:\/\/skrylle.se\/wp-content\/uploads\/2025\/12\/Ridning-6.webp\" class=\"wpex-align-middle skip-lazy\" alt=\"\" data-no-lazy=\"1\" srcset=\"https:\/\/skrylle.se\/wp-content\/uploads\/2025\/12\/Ridning-6.webp 1024w, https:\/\/skrylle.se\/wp-content\/uploads\/2025\/12\/Ridning-6-300x200.webp 300w, https:\/\/skrylle.se\/wp-content\/uploads\/2025\/12\/Ridning-6-768x512.webp 768w, https:\/\/skrylle.se\/wp-content\/uploads\/2025\/12\/Ridning-6-18x12.webp 18w\" sizes=\"(max-width: 1024px) 100vw, 1024px\" \/><\/figure><\/div><div class=\"wpex-carousel-slide\"><figure class=\"wpex-carousel-entry-media entry-media wpex-relative\"><img width=\"1024\" height=\"683\" src=\"https:\/\/skrylle.se\/wp-content\/uploads\/2025\/12\/Ridning-4.webp\" class=\"wpex-align-middle skip-lazy\" alt=\"\" data-no-lazy=\"1\" srcset=\"https:\/\/skrylle.se\/wp-content\/uploads\/2025\/12\/Ridning-4.webp 1024w, https:\/\/skrylle.se\/wp-content\/uploads\/2025\/12\/Ridning-4-300x200.webp 300w, https:\/\/skrylle.se\/wp-content\/uploads\/2025\/12\/Ridning-4-768x512.webp 768w, https:\/\/skrylle.se\/wp-content\/uploads\/2025\/12\/Ridning-4-18x12.webp 18w\" sizes=\"(max-width: 1024px) 100vw, 1024px\" \/><\/figure><\/div><div class=\"wpex-carousel-slide\"><figure class=\"wpex-carousel-entry-media entry-media wpex-relative\"><img width=\"1024\" height=\"683\" src=\"https:\/\/skrylle.se\/wp-content\/uploads\/2025\/12\/Ridning-3.webp\" class=\"wpex-align-middle skip-lazy\" alt=\"\" data-no-lazy=\"1\" srcset=\"https:\/\/skrylle.se\/wp-content\/uploads\/2025\/12\/Ridning-3.webp 1024w, https:\/\/skrylle.se\/wp-content\/uploads\/2025\/12\/Ridning-3-300x200.webp 300w, https:\/\/skrylle.se\/wp-content\/uploads\/2025\/12\/Ridning-3-768x512.webp 768w, https:\/\/skrylle.se\/wp-content\/uploads\/2025\/12\/Ridning-3-18x12.webp 18w\" sizes=\"(max-width: 1024px) 100vw, 1024px\" \/><\/figure><\/div><div class=\"wpex-carousel-slide\"><figure class=\"wpex-carousel-entry-media entry-media wpex-relative\"><img width=\"1024\" height=\"683\" src=\"https:\/\/skrylle.se\/wp-content\/uploads\/2025\/12\/Ridning-2.webp\" class=\"wpex-align-middle skip-lazy\" alt=\"\" data-no-lazy=\"1\" srcset=\"https:\/\/skrylle.se\/wp-content\/uploads\/2025\/12\/Ridning-2.webp 1024w, https:\/\/skrylle.se\/wp-content\/uploads\/2025\/12\/Ridning-2-300x200.webp 300w, https:\/\/skrylle.se\/wp-content\/uploads\/2025\/12\/Ridning-2-768x512.webp 768w, https:\/\/skrylle.se\/wp-content\/uploads\/2025\/12\/Ridning-2-18x12.webp 18w\" sizes=\"(max-width: 1024px) 100vw, 1024px\" \/><\/figure><\/div><div class=\"wpex-carousel-slide\"><figure class=\"wpex-carousel-entry-media entry-media wpex-relative\"><img width=\"1024\" height=\"683\" src=\"https:\/\/skrylle.se\/wp-content\/uploads\/2025\/12\/Ridning-1.webp\" class=\"wpex-align-middle skip-lazy\" alt=\"\" data-no-lazy=\"1\" srcset=\"https:\/\/skrylle.se\/wp-content\/uploads\/2025\/12\/Ridning-1.webp 1024w, https:\/\/skrylle.se\/wp-content\/uploads\/2025\/12\/Ridning-1-300x200.webp 300w, https:\/\/skrylle.se\/wp-content\/uploads\/2025\/12\/Ridning-1-768x512.webp 768w, https:\/\/skrylle.se\/wp-content\/uploads\/2025\/12\/Ridning-1-18x12.webp 18w\" sizes=\"(max-width: 1024px) 100vw, 1024px\" \/><\/figure><\/div><\/div><\/div><\/div><\/div><\/div>\n<\/div>","protected":false},"excerpt":{"rendered":"","protected":false},"author":3,"featured_media":719,"parent":0,"menu_order":9,"comment_status":"closed","ping_status":"closed","template":"","meta":{"footnotes":""},"class_list":["post-717","page","type-page","status-publish","has-post-thumbnail","hentry","entry","no-media"],"_links":{"self":[{"href":"https:\/\/skrylle.se\/en\/wp-json\/wp\/v2\/pages\/717","targetHints":{"allow":["GET"]}}],"collection":[{"href":"https:\/\/skrylle.se\/en\/wp-json\/wp\/v2\/pages"}],"about":[{"href":"https:\/\/skrylle.se\/en\/wp-json\/wp\/v2\/types\/page"}],"author":[{"embeddable":true,"href":"https:\/\/skrylle.se\/en\/wp-json\/wp\/v2\/users\/3"}],"replies":[{"embeddable":true,"href":"https:\/\/skrylle.se\/en\/wp-json\/wp\/v2\/comments?post=717"}],"version-history":[{"count":18,"href":"https:\/\/skrylle.se\/en\/wp-json\/wp\/v2\/pages\/717\/revisions"}],"predecessor-version":[{"id":1388,"href":"https:\/\/skrylle.se\/en\/wp-json\/wp\/v2\/pages\/717\/revisions\/1388"}],"wp:featuredmedia":[{"embeddable":true,"href":"https:\/\/skrylle.se\/en\/wp-json\/wp\/v2\/media\/719"}],"wp:attachment":[{"href":"https:\/\/skrylle.se\/en\/wp-json\/wp\/v2\/media?parent=717"}],"curies":[{"name":"wp","href":"https:\/\/api.w.org\/{rel}","templated":true}]}}