{"id":839,"date":"2025-03-04T15:38:58","date_gmt":"2025-03-04T14:38:58","guid":{"rendered":"https:\/\/dmygj.beeweb-lime.io\/?page_id=839"},"modified":"2025-12-09T16:03:56","modified_gmt":"2025-12-09T15:03:56","slug":"historia","status":"publish","type":"page","link":"https:\/\/skrylle.se\/en\/om-skrylleomradet\/historia\/","title":{"rendered":"Skrylle&#039;s history"},"content":{"rendered":"<div class=\"wpb-content-wrapper\"><div class=\"vc_row wpb_row vc_row-fluid wpex-relative\"><div class=\"wpb_column vc_column_container vc_col-sm-12\"><div class=\"vc_column-inner\"><div class=\"wpb_wrapper\"><h1 class=\"vcex-heading vcex-heading-plain vcex-module wpex-h1 vc_custom_1741090693630\"><span class=\"vcex-heading-inner wpex-inline-block\">Skrylle&#039;s history<\/span><\/h1><div class=\"vc_row wpb_row vc_inner vc_row-fluid wpex-relative\"><div class=\"wpb_column vc_column_container vc_col-sm-12\"><div class=\"vc_column-inner\"><div class=\"wpb_wrapper\">\n\t<div class=\"wpb_text_column wpb_content_element textbox-h3-mindre\" >\n\t\t<div class=\"wpb_wrapper\">\n\t\t\t<h2>Skrylle Forest<\/h2>\n<h3>A medieval deciduous forest<\/h3>\n<p>Until the end of the Middle Ages, Romele\u00e5sen was covered with deciduous forest. The forest served as outlying areas for the villages around the ridge, where they collected firewood and let their cattle graze. Over time, the forest was gradually replaced by pasture and juniper fields with elements of heather. Traces of these old lands can still be found, for example between Dalby and H\u00e4llestad and in the Gryteskog nature reserve. The name Skrylle has been used since the 17th century, also with the spellings Skrulle and Skr\u00f6lle.<\/p>\n<h3>Woodcutting and large-scale shifting<\/h3>\n<p>In 1664, the Swedish Governor-General gave the area&#039;s farmers permission to cut wood and timber in the forest, but just three years later the permission was revoked in order to save the area from total devastation. During the large-scale land reform in the 18th century, clear-cutting increased, and pasture came to dominate the landscape. In the 19th century, junipers on the heath and alders in the marshes were pretty much the only remaining trees. Remnants of the original forest can still be found closest to Torna H\u00e4llestad and in the Dalby S\u00f6derskog National Park.<\/p>\n<h3>State planting of spruce forests<\/h3>\n<p>In 1873, the state bought most of the land and began planting spruce forests for economic gain, under the name \u201cDalby Kronoskog\u201d. Approximately 80 % of the area was planted with spruce, while only small stands of oak and beech were preserved. Spruce planting continued for most of the 20th century.<\/p>\n<h3>Storms and replanting<\/h3>\n<p>The forces of nature later showed that the spruce did not belong here. The older spruce forest was blown down during the storm of October 17, 1967. Further extensive storm fellings occurred in 1981 and 1982. On the night between December 3 and 4, 1999, approximately 100 hectares of spruce forest were blown down in the storm Carola. It was replaced by beech, oak and birch forest, which contributed to a more varied and natural forest. The goal of today&#039;s forestry plan is to recreate the natural deciduous forest that existed here during the Middle Ages, which benefits both biodiversity and outdoor life.<\/p>\n<h3>The nature reserve is formed<\/h3>\n<p>In 1993, the Swedish Land Administration sold Dalby Kronopark to the Municipality of Lund and the Sk\u00e5ne Recreational Areas Foundation. The state contributed one third of the purchase price, SEK 10.5 million, on the condition that the land became a nature reserve. The reserve protection protects the area from exploitation and ensures that it can be preserved for outdoor activities and recreation.<\/p>\n<hr \/>\n<h2>The Skrylleg\u00e5rden<\/h2>\n<p>Skrylleg\u00e5rden has been a gathering place for outdoor activities for over 70 years.<\/p>\n<h3>1950s<\/h3>\n<p>The history of Skrylleg\u00e5rden began with the Lunda branch of the Swedish Outdoor Promotion Association. In 1952, the first clubhouse was built from an old military barracks from Kalix. In the first year alone, the cottage attracted around 1,800 visitors.<\/p>\n<h3>1960s\u201370s<\/h3>\n<p>The first electric light track was built in 1968, and shortly afterwards S\u00f6dra Sandby Municipality decided to invest in a larger facility. On 1 August 1972, Skrylleg\u00e5rden was inaugurated in its new form \u2013 with a restaurant, changing rooms, sauna and gym. The facility was a success \u2013 25,000 visitors came in the first year, and soon the number exceeded 400,000 per year. Operational responsibility was transferred to the Lunda Department of the Swedish Outdoor Promotion Agency.<\/p>\n<h3>1980s\u201390s<\/h3>\n<p>Over the years, the area developed with more exercise trails, sport fishing ponds at R\u00f6gle, wind shelters and barbecue areas. In 1991, the Skrylle nature center was opened, which became a gateway to nature with exhibitions and guided tours.<\/p>\n<h3>2000s<\/h3>\n<p>The area was developed with a new large outdoor gym and facilities for children such as themed trails and nature play. The Skrylle area has become one of Sk\u00e5ne&#039;s most visited outdoor recreation areas, with hiking trails, exercise tracks and activities all year round.<\/p>\n<h3>2019 and beyond<\/h3>\n<p>A comprehensive development plan was adopted in 2019 to meet the growing number of visitors. This resulted in a new service building, a refresh of the outdoor environment and a large visitor center that will open in 2024.<\/p>\n<p>On the night of Thursday, March 7, 2024, a major fire broke out in Skrylleg\u00e5rden&#039;s main building, which included a gym, shower and sauna. The roof burst into flames and the building was completely destroyed.<\/p>\n<p>Lund Municipality has decided to rebuild the destroyed building.<\/p>\n<p>Skrylleg\u00e5rden continues to develop, but the core is the same as in 1952: to offer a place where people can meet, exercise and enjoy nature.<\/p>\n\n\t\t<\/div>\n\t<\/div>\n<\/div><\/div><\/div><\/div><\/div><\/div><\/div><\/div>\n<\/div>","protected":false},"excerpt":{"rendered":"Skrylles historia Skrylleskogen En medeltida l\u00f6vskog Fram till medeltidens slut t\u00e4cktes Romele\u00e5sen av l\u00f6vskog. Skogen fungerade som utmarker f\u00f6r byarna kring \u00e5sen, d\u00e4r man h\u00e4mtade ved och l\u00e4t boskap beta. Med tiden ersattes skogen gradvis av betesmark och enef\u00e4lad med inslag av ljung. Sp\u00e5r av dessa gamla marker finns fortfarande, till exempel mellan Dalby och&hellip;","protected":false},"author":3,"featured_media":1064,"parent":832,"menu_order":4,"comment_status":"closed","ping_status":"closed","template":"","meta":{"footnotes":""},"class_list":["post-839","page","type-page","status-publish","has-post-thumbnail","hentry","entry","has-media"],"_links":{"self":[{"href":"https:\/\/skrylle.se\/en\/wp-json\/wp\/v2\/pages\/839","targetHints":{"allow":["GET"]}}],"collection":[{"href":"https:\/\/skrylle.se\/en\/wp-json\/wp\/v2\/pages"}],"about":[{"href":"https:\/\/skrylle.se\/en\/wp-json\/wp\/v2\/types\/page"}],"author":[{"embeddable":true,"href":"https:\/\/skrylle.se\/en\/wp-json\/wp\/v2\/users\/3"}],"replies":[{"embeddable":true,"href":"https:\/\/skrylle.se\/en\/wp-json\/wp\/v2\/comments?post=839"}],"version-history":[{"count":8,"href":"https:\/\/skrylle.se\/en\/wp-json\/wp\/v2\/pages\/839\/revisions"}],"predecessor-version":[{"id":1065,"href":"https:\/\/skrylle.se\/en\/wp-json\/wp\/v2\/pages\/839\/revisions\/1065"}],"up":[{"embeddable":true,"href":"https:\/\/skrylle.se\/en\/wp-json\/wp\/v2\/pages\/832"}],"wp:featuredmedia":[{"embeddable":true,"href":"https:\/\/skrylle.se\/en\/wp-json\/wp\/v2\/media\/1064"}],"wp:attachment":[{"href":"https:\/\/skrylle.se\/en\/wp-json\/wp\/v2\/media?parent=839"}],"curies":[{"name":"wp","href":"https:\/\/api.w.org\/{rel}","templated":true}]}}