{"id":987,"date":"2025-03-05T13:26:44","date_gmt":"2025-03-05T12:26:44","guid":{"rendered":"https:\/\/dmygj.beeweb-lime.io\/?page_id=987"},"modified":"2026-03-11T11:04:53","modified_gmt":"2026-03-11T10:04:53","slug":"kontakt","status":"publish","type":"page","link":"https:\/\/skrylle.se\/en\/kontakt\/","title":{"rendered":"Contact"},"content":{"rendered":"<div class=\"wpb-content-wrapper\"><div class=\"vc_row wpb_row vc_row-fluid mindre-rubriker wpex-relative\"><div class=\"wpb_column vc_column_container vc_col-sm-12\"><div class=\"vc_column-inner\"><div class=\"wpb_wrapper\"><h1 class=\"vcex-heading vcex-heading-plain vcex-module wpex-h1 vc_custom_1741177164604\"><span class=\"vcex-heading-inner wpex-inline-block\">Contact<\/span><\/h1>\n\t<div class=\"wpb_text_column wpb_content_element vc_custom_1741177709425\" >\n\t\t<div class=\"wpb_wrapper\">\n\t\t\t<p><strong>If you have any questions or comments, please feel free to contact us. Find the right contact information below and we will get back to you as soon as we can. Welcome to Skrylle!<\/strong><\/p>\n\n\t\t<\/div>\n\t<\/div>\n<div class=\"vc_row wpb_row vc_inner vc_row-fluid wpex-relative wpex-vc_row-col-mb-0\"><div class=\"wpb_column vc_column_container vc_col-sm-6\"><div class=\"vc_column-inner\"><div class=\"wpb_wrapper\"><div class=\"vcex-module vcex-teaser wpex-flex wpex-flex-col has-palette-84-background-color vc_custom_1741177222943\"><div class=\"vcex-teaser-content\"><h2 class=\"vcex-teaser-heading wpex-heading wpex-text-xl\">Skrylleg\u00e5rden reception<\/h2><div class=\"vcex-teaser-text wpex-mt-10 wpex-last-mb-0 wpex-clr\"><p><em>Activities at Skrylleg\u00e5rden, gym, exercise track, barbecue areas, etc.<\/em><br \/>\nPhone: <a href=\"tel:046-58525\">046-58525<\/a><br \/>\nE-mail: <a href=\"mailto:reception@skrylle.se\">reception@skrylle.se<\/a><\/p>\n<\/div><\/div><\/div><div class=\"vcex-module vcex-teaser wpex-flex wpex-flex-col has-palette-84-background-color vc_custom_1741177271998\"><div class=\"vcex-teaser-content\"><h2 class=\"vcex-teaser-heading wpex-heading wpex-text-xl\">Skrylle Restaurant and caf\u00e9<\/h2><div class=\"vcex-teaser-text wpex-mt-10 wpex-last-mb-0 wpex-clr\"><p>Phone: <a href=\"tel:046-585 02\">046-585 02<\/a><br \/>\nE-mail: <a href=\"mailto:info@skryllerestaurang.se\">info@skryllerestaurang.se<\/a><\/p>\n<\/div><\/div><\/div><div class=\"vcex-module vcex-teaser wpex-flex wpex-flex-col has-palette-84-background-color vc_custom_1773223443657\"><div class=\"vcex-teaser-content\"><h2 class=\"vcex-teaser-heading wpex-heading wpex-text-xl\">R\u00f6gle sport fishing<\/h2><div class=\"vcex-teaser-text wpex-mt-10 wpex-last-mb-0 wpex-clr\"><p>Phone:0722-377900<br \/>\nE-mail: <a href=\"mailto:friluftsframjandet@skrylle.se\">friluftsframjandet@skrylle.se<\/a><\/p>\n<\/div><\/div><\/div><div class=\"vcex-module vcex-teaser wpex-flex wpex-flex-col has-palette-84-background-color vc_custom_1741177320854\"><div class=\"vcex-teaser-content\"><h2 class=\"vcex-teaser-heading wpex-heading wpex-text-xl\">Outdoor Promotion Lund, Skrylleg\u00e5rden<\/h2><div class=\"vcex-teaser-text wpex-mt-10 wpex-last-mb-0 wpex-clr\"><p><em>Director of Outdoor Promotion Lund and Skrylleg\u00e5rden<\/em><br \/>\nContact person: Thomas Arvidsson <a href=\"tel:046-585 25\">046-585 25<\/a><br \/>\nE-mail: <a href=\"mailto:friluftsframjandet@skrylle.se\">friluftsframjandet@skrylle.se<\/a><\/p>\n<\/div><\/div><\/div><div class=\"vcex-module vcex-teaser wpex-flex wpex-flex-col has-palette-84-background-color vc_custom_1770628379550\"><div class=\"vcex-teaser-content\"><h2 class=\"vcex-teaser-heading wpex-heading wpex-text-xl\">Naturum Skrylle<\/h2><div class=\"vcex-teaser-text wpex-mt-10 wpex-last-mb-0 wpex-clr\"><p>Telephone visitor center: <a href=\"tel:0761-33 53 73\">0761-33 53 73<\/a><br \/>\nE-mail: <a href=\"mailto:naturum@lund.se\">naturum@lund.se<\/a><\/p>\n<p>Manager&#039;s phone number: 0709 432939<br \/>\nE-mail manager: marie.sager@lund.se<\/p>\n<p><a href=\"tel:0761-33 53 73\">761-33 53 73<\/a><br \/>\nE-mail: <a href=\"mailto:naturum@lund.se\">naturum@lund.se<\/a><\/p>\n<\/div><\/div><\/div><\/div><\/div><\/div><div class=\"wpb_column vc_column_container vc_col-sm-6\"><div class=\"vc_column-inner\"><div class=\"wpb_wrapper\"><div class=\"vcex-module vcex-teaser wpex-flex wpex-flex-col has-palette-84-background-color vc_custom_1741177441199\"><div class=\"vcex-teaser-content\"><h2 class=\"vcex-teaser-heading wpex-heading wpex-text-xl\">The Scanian Landscape Foundation<\/h2><div class=\"vcex-teaser-text wpex-mt-10 wpex-last-mb-0 wpex-clr\"><p>Parts of Skrylle Nature Reserve are owned by <em>The Foundation for\u00a0<\/em><em>Recreation areas in Sk\u00e5ne<\/em>, which is managed by\u00a0<em>The Scanian Landscape Foundation<\/em>.<br \/>\nE-mail: <a href=\"mailto:info@skanskalandskap.se\">info@skanskalandskap.se<\/a><br \/>\nWebsite: <a href=\"https:\/\/skanskalandskap.se\" target=\"_blank\" rel=\"noopener\">www.skanskalandskap.se<\/a><\/p>\n<\/div><\/div><\/div><div class=\"vcex-module vcex-teaser wpex-flex wpex-flex-col has-palette-84-background-color vc_custom_1741177419333\"><div class=\"vcex-teaser-content\"><h2 class=\"vcex-teaser-heading wpex-heading wpex-text-xl\">Lund Municipality, Nature Conservation Manager<\/h2><div class=\"vcex-teaser-text wpex-mt-10 wpex-last-mb-0 wpex-clr\"><p><em>Management of the Skrylle and M\u00e5ryd nature reserve; permits, forestry, hiking trails, responsible for the visitor center, working with development of the nature area, etc.<\/em><br \/>\nPhone: <a href=\"tel:046-35 50 00\">046-35 50 00<\/a> (gear)<br \/>\nE-mail:\u00a0<a href=\"mailto:naturreservat@skrylle.se\">naturreservat@skrylle.se<\/a><\/p>\n<\/div><\/div><\/div><div class=\"vcex-module vcex-teaser wpex-flex wpex-flex-col has-palette-84-background-color vc_custom_1741177569729\"><div class=\"vcex-teaser-content\"><h2 class=\"vcex-teaser-heading wpex-heading wpex-text-xl\">County Administrative Board of Sk\u00e5ne County<\/h2><div class=\"vcex-teaser-text wpex-mt-10 wpex-last-mb-0 wpex-clr\"><p>The County Administrative Board manages several nature reserves in the Skrylle area: Dalby Norreskog, Billebjer, Gryteskog, Pr\u00e4taskogen, H\u00e4llestads\u00e5sen Pr\u00e4stam\u00f6llan\/Borelund, Knivs\u00e5s-Borelund and the Dalby S\u00f6derskog National Park.<br \/>\nContact person: J\u00f6rgen Nilsson <a href=\"tel:010-224 10 00\">010-224 10 00<\/a> (gear).<br \/>\nWebsite: <a href=\"https:\/\/www.lansstyrelsen.se\/skane\" target=\"_blank\" rel=\"noopener\">www.lansstyrelsen.se\/skane<\/a><\/p>\n<\/div><\/div><\/div><\/div><\/div><\/div><\/div><\/div><\/div><\/div><\/div>\n<\/div>","protected":false},"excerpt":{"rendered":"Kontakt Om du har fr\u00e5gor eller synpunkter \u00e4r du v\u00e4lkommen att kontakta oss. Hitta r\u00e4tt kontaktuppgifter nedan s\u00e5 \u00e5terkommer vi till dig s\u00e5 snart vi kan. V\u00e4lkommen till Skrylle! Skrylleg\u00e5rdens receptionVerksamhet vid Skrylleg\u00e5rden, gym, motionssp\u00e5r, grillplatser, m.m. Telefon: 046-58525 E-post: reception@skrylle.se Skrylle Restaurang och caf\u00e9Telefon: 046-585 02 E-post: info@skryllerestaurang.se R\u00f6gle sportfiskeTelefon:0722-377900 E-post: friluftsframjandet@skrylle.se Friluftsfr\u00e4mjandet Lund,&hellip;","protected":false},"author":3,"featured_media":0,"parent":0,"menu_order":1,"comment_status":"closed","ping_status":"closed","template":"","meta":{"footnotes":""},"class_list":["post-987","page","type-page","status-publish","hentry","entry","no-media"],"_links":{"self":[{"href":"https:\/\/skrylle.se\/en\/wp-json\/wp\/v2\/pages\/987","targetHints":{"allow":["GET"]}}],"collection":[{"href":"https:\/\/skrylle.se\/en\/wp-json\/wp\/v2\/pages"}],"about":[{"href":"https:\/\/skrylle.se\/en\/wp-json\/wp\/v2\/types\/page"}],"author":[{"embeddable":true,"href":"https:\/\/skrylle.se\/en\/wp-json\/wp\/v2\/users\/3"}],"replies":[{"embeddable":true,"href":"https:\/\/skrylle.se\/en\/wp-json\/wp\/v2\/comments?post=987"}],"version-history":[{"count":30,"href":"https:\/\/skrylle.se\/en\/wp-json\/wp\/v2\/pages\/987\/revisions"}],"predecessor-version":[{"id":1662,"href":"https:\/\/skrylle.se\/en\/wp-json\/wp\/v2\/pages\/987\/revisions\/1662"}],"wp:attachment":[{"href":"https:\/\/skrylle.se\/en\/wp-json\/wp\/v2\/media?parent=987"}],"curies":[{"name":"wp","href":"https:\/\/api.w.org\/{rel}","templated":true}]}}